{"id":3467,"date":"2024-08-23T11:48:01","date_gmt":"2024-08-23T09:48:01","guid":{"rendered":"https:\/\/brandguide.io\/?page_id=3467"},"modified":"2025-08-11T14:05:46","modified_gmt":"2025-08-11T12:05:46","slug":"om-produktet","status":"publish","type":"page","link":"https:\/\/brandguide.io\/no\/bedrift\/om-produktet\/","title":{"rendered":"Om produktet"},"content":{"rendered":"\n<section class=\"wp-block-group hero-block mb-8 lg:mb-12\"><div class=\"wp-block-group__inner-container is-layout-flow wp-block-group-is-layout-flow\">\n<div class=\"wp-block-columns is-layout-flex wp-container-core-columns-is-layout-9d6595d7 wp-block-columns-is-layout-flex\">\n<div class=\"wp-block-column is-layout-flow wp-block-column-is-layout-flow\">\n<h1 class=\"wp-block-heading\">brandguide.io<br>Alt-i-ett l\u00f8sning for din merkevare<\/h1>\n\n\n\n<p class=\"intro\">brandguide.io gj\u00f8r det raskt og enkelt \u00e5<br>lage og dele klare retningslinjer for merkevaren din,<br>slik at alle kan jobbe sammen for \u00e5 kommunisere<br>merkevaren din p\u00e5 en enhetlig m\u00e5te.<br><\/p>\n<\/div>\n\n\n\n<div class=\"wp-block-column is-layout-flow wp-block-column-is-layout-flow\">\n<figure class=\"wp-block-image size-large is-style-default\"><img loading=\"lazy\" decoding=\"async\" width=\"1024\" height=\"683\" src=\"https:\/\/brandguide.io\/wp-content\/uploads\/2025\/05\/midlertidige-web-bilder-framside-1024x683.png\" alt=\"\" class=\"wp-image-4052\" srcset=\"https:\/\/brandguide.io\/wp-content\/uploads\/2025\/05\/midlertidige-web-bilder-framside-1024x683.png 1024w, https:\/\/brandguide.io\/wp-content\/uploads\/2025\/05\/midlertidige-web-bilder-framside-300x200.png 300w, https:\/\/brandguide.io\/wp-content\/uploads\/2025\/05\/midlertidige-web-bilder-framside-768x512.png 768w, https:\/\/brandguide.io\/wp-content\/uploads\/2025\/05\/midlertidige-web-bilder-framside.png 1200w\" sizes=\"auto, (max-width: 1024px) 100vw, 1024px\" \/><\/figure>\n<\/div>\n<\/div>\n<\/div><\/section>\n\n\n\n<div class=\"wp-block-buttons cta-block__buttons is-content-justification-center is-layout-flex wp-container-core-buttons-is-layout-16018d1d wp-block-buttons-is-layout-flex\">\n<div class=\"wp-block-button\"><a class=\"wp-block-button__link has-theme-palette-2-background-color has-background wp-element-button\" href=\"https:\/\/brandguide.io\/no\/bedrift\/kontakt-bedrift\/\">Ta kontakt n\u00e5<\/a><\/div>\n<\/div>\n\n\n\n<section class=\"wp-block-group image-columns-block\"><div class=\"wp-block-group__inner-container is-layout-flow wp-block-group-is-layout-flow\">\n<div class=\"wp-block-columns items-start is-layout-flex wp-container-core-columns-is-layout-9d6595d7 wp-block-columns-is-layout-flex\">\n<div class=\"wp-block-column text-center is-layout-flow wp-block-column-is-layout-flow\"><div class=\"wp-block-image mx-auto mb-8\">\n<figure class=\"aligncenter size-full\"><img decoding=\"async\" src=\"https:\/\/brandguide.io\/wp-content\/uploads\/2023\/09\/block.svg\" alt=\"\" class=\"wp-image-2226\"\/><\/figure>\n<\/div>\n\n\n<h3 class=\"wp-block-heading has-text-align-center\">Brukervennlige verkt\u00f8y<\/h3>\n\n\n\n<p class=\"has-text-align-center wp-block-paragraph\">Raskt og enkelt oppsett med ferdige blokker og alle verkt\u00f8yene du trenger p\u00e5 siden din.<\/p>\n<\/div>\n\n\n\n<div class=\"wp-block-column text-center is-layout-flow wp-block-column-is-layout-flow\"><div class=\"wp-block-image mx-auto mb-8\">\n<figure class=\"aligncenter size-full\"><img decoding=\"async\" src=\"https:\/\/brandguide.io\/wp-content\/uploads\/2023\/09\/privacy.svg\" alt=\"\" class=\"wp-image-1924\"\/><\/figure>\n<\/div>\n\n\n<h3 class=\"wp-block-heading has-text-align-center\">Passordbeskyttelse<\/h3>\n\n\n\n<p class=\"has-text-align-center wp-block-paragraph\">L\u00e5s spesifikke sider og hold sensitiv merkevareinformasjon sikker med passordbeskyttelse p\u00e5 sidene.<\/p>\n<\/div>\n\n\n\n<div class=\"wp-block-column text-center is-layout-flow wp-block-column-is-layout-flow\"><div class=\"wp-block-image mx-auto mb-8\">\n<figure class=\"aligncenter size-full\"><img decoding=\"async\" src=\"https:\/\/brandguide.io\/wp-content\/uploads\/2023\/09\/img-stack.svg\" alt=\"\" class=\"wp-image-1919\"\/><\/figure>\n<\/div>\n\n\n<h3 class=\"wp-block-heading has-text-align-center\">Mediebibliotek<\/h3>\n\n\n\n<p class=\"has-text-align-center wp-block-paragraph\">Last opp og administrer merkevarefiler p\u00e5 ett sted. Spar utgifter og energi med \u00e5 ha alt oppdatert og tilgjengelig.<\/p>\n<\/div>\n<\/div>\n<\/div><\/section>\n\n\n\n<h2 class=\"wp-block-heading text-center h2-block\">Hva kan du gj\u00f8re med brandguide.io?<\/h2>\n\n\n\n<div class=\"wp-block-group\"><div class=\"wp-block-group__inner-container is-layout-constrained wp-block-group-is-layout-constrained\">\n<div class=\"wp-block-columns gap-x-4 mb-12 lg:mb-16 is-layout-flex wp-container-core-columns-is-layout-9d6595d7 wp-block-columns-is-layout-flex\">\n<div class=\"wp-block-column is-vertically-aligned-center is-layout-flow wp-block-column-is-layout-flow\" style=\"flex-basis:33.33%\">\n<h3 class=\"wp-block-heading\">Legg til tekst<\/h3>\n\n\n\n<p>Sett opp overskrifter, tekst og lister for retningslinjene dine med paragraf- og overskriftsblokker. Flytt dem enkelt rundt for \u00e5 endre layouten p\u00e5 siden etter eget \u00f8nske.<\/p>\n<\/div>\n\n\n\n<div class=\"wp-block-column is-layout-flow wp-block-column-is-layout-flow\" style=\"flex-basis:66.66%\"><div class=\"wp-block-image\">\n<figure class=\"aligncenter size-large\"><img loading=\"lazy\" decoding=\"async\" width=\"1024\" height=\"576\" src=\"https:\/\/brandguide.io\/wp-content\/uploads\/2023\/09\/3-1-1024x576.png\" alt=\"\" class=\"wp-image-2209\" srcset=\"https:\/\/brandguide.io\/wp-content\/uploads\/2023\/09\/3-1-1024x576.png 1024w, https:\/\/brandguide.io\/wp-content\/uploads\/2023\/09\/3-1-300x169.png 300w, https:\/\/brandguide.io\/wp-content\/uploads\/2023\/09\/3-1-768x432.png 768w, https:\/\/brandguide.io\/wp-content\/uploads\/2023\/09\/3-1.png 1366w\" sizes=\"auto, (max-width: 1024px) 100vw, 1024px\" \/><\/figure>\n<\/div><\/div>\n<\/div>\n<\/div><\/div>\n\n\n\n<div class=\"wp-block-group\"><div class=\"wp-block-group__inner-container is-layout-constrained wp-block-group-is-layout-constrained\">\n<div class=\"wp-block-columns gap-x-4 mb-12 lg:mb-16 is-layout-flex wp-container-core-columns-is-layout-9d6595d7 wp-block-columns-is-layout-flex\">\n<div class=\"wp-block-column is-layout-flow wp-block-column-is-layout-flow\" style=\"flex-basis:66.66%\"><div class=\"wp-block-image\">\n<figure class=\"aligncenter size-large\"><img loading=\"lazy\" decoding=\"async\" width=\"1024\" height=\"576\" src=\"https:\/\/brandguide.io\/wp-content\/uploads\/2023\/09\/4-1024x576.png\" alt=\"\" class=\"wp-image-2210\" srcset=\"https:\/\/brandguide.io\/wp-content\/uploads\/2023\/09\/4-1024x576.png 1024w, https:\/\/brandguide.io\/wp-content\/uploads\/2023\/09\/4-300x169.png 300w, https:\/\/brandguide.io\/wp-content\/uploads\/2023\/09\/4-768x432.png 768w, https:\/\/brandguide.io\/wp-content\/uploads\/2023\/09\/4.png 1366w\" sizes=\"auto, (max-width: 1024px) 100vw, 1024px\" \/><\/figure>\n<\/div><\/div>\n\n\n\n<div class=\"wp-block-column is-vertically-aligned-center is-layout-flow wp-block-column-is-layout-flow\" style=\"flex-basis:33.33%\">\n<h3 class=\"wp-block-heading has-text-align-left\">Elegant visuell filh\u00e5ndtering<\/h3>\n\n\n\n<p class=\"has-text-align-left\">Plattformen fungerer som en DAM-l\u00f8sning (Digital Asset Management): visuell presentasjon av filer gj\u00f8r dem enkle \u00e5 finne, laste ned og bruke korrekt.<\/p>\n\n\n\n<p>Bruk tagger for \u00e5 gj\u00f8re s\u00f8keprosessen enda enklere.<\/p>\n<\/div>\n<\/div>\n<\/div><\/div>\n\n\n\n<div class=\"wp-block-buttons cta-block__buttons is-content-justification-center is-layout-flex wp-container-core-buttons-is-layout-16018d1d wp-block-buttons-is-layout-flex\">\n<div class=\"wp-block-button\"><a class=\"wp-block-button__link has-theme-palette-2-background-color has-background wp-element-button\" href=\"https:\/\/brandguide.io\/no\/bedrift\/kontakt-bedrift\/\">Ta kontakt n\u00e5<\/a><\/div>\n<\/div>\n\n\n\n<div class=\"wp-block-group\"><div class=\"wp-block-group__inner-container is-layout-constrained wp-block-group-is-layout-constrained\">\n<div class=\"wp-block-columns gap-x-4 mb-12 lg:mb-16 is-layout-flex wp-container-core-columns-is-layout-9d6595d7 wp-block-columns-is-layout-flex\">\n<div class=\"wp-block-column is-vertically-aligned-center is-layout-flow wp-block-column-is-layout-flow\" style=\"flex-basis:33.33%\">\n<h3 class=\"wp-block-heading\">Farger<\/h3>\n\n\n\n<p>Bruk fargeverkt\u00f8yet for \u00e5 legge til merkevarens farger. Kopier fargeverdien med ett klikk!<\/p>\n<\/div>\n\n\n\n<div class=\"wp-block-column is-layout-flow wp-block-column-is-layout-flow\" style=\"flex-basis:66.66%\"><div class=\"wp-block-image\">\n<figure class=\"aligncenter size-large\"><img loading=\"lazy\" decoding=\"async\" width=\"1024\" height=\"683\" src=\"https:\/\/brandguide.io\/wp-content\/uploads\/2025\/05\/midlertidige-web-bilder.-fargerpng-1024x683.png\" alt=\"\" class=\"wp-image-4045\" srcset=\"https:\/\/brandguide.io\/wp-content\/uploads\/2025\/05\/midlertidige-web-bilder.-fargerpng-1024x683.png 1024w, https:\/\/brandguide.io\/wp-content\/uploads\/2025\/05\/midlertidige-web-bilder.-fargerpng-300x200.png 300w, https:\/\/brandguide.io\/wp-content\/uploads\/2025\/05\/midlertidige-web-bilder.-fargerpng-768x512.png 768w, https:\/\/brandguide.io\/wp-content\/uploads\/2025\/05\/midlertidige-web-bilder.-fargerpng.png 1200w\" sizes=\"auto, (max-width: 1024px) 100vw, 1024px\" \/><\/figure>\n<\/div><\/div>\n<\/div>\n<\/div><\/div>\n\n\n\n<div class=\"wp-block-group\"><div class=\"wp-block-group__inner-container is-layout-constrained wp-block-group-is-layout-constrained\">\n<div class=\"wp-block-columns gap-x-4 mb-12 lg:mb-16 is-layout-flex wp-container-core-columns-is-layout-9d6595d7 wp-block-columns-is-layout-flex\">\n<div class=\"wp-block-column is-layout-flow wp-block-column-is-layout-flow\" style=\"flex-basis:66.66%\"><div class=\"wp-block-image\">\n<figure class=\"aligncenter size-large\"><img loading=\"lazy\" decoding=\"async\" width=\"1366\" height=\"768\" src=\"https:\/\/brandguide.io\/wp-content\/uploads\/2023\/09\/6-1024x576.png\" alt=\"\" class=\"wp-image-2213\" srcset=\"https:\/\/brandguide.io\/wp-content\/uploads\/2023\/09\/6-1024x576.png 1024w, https:\/\/brandguide.io\/wp-content\/uploads\/2023\/09\/6-300x169.png 300w, https:\/\/brandguide.io\/wp-content\/uploads\/2023\/09\/6-768x432.png 768w, https:\/\/brandguide.io\/wp-content\/uploads\/2023\/09\/6.png 1366w\" sizes=\"auto, (max-width: 1366px) 100vw, 1366px\" \/><\/figure>\n<\/div><\/div>\n\n\n\n<div class=\"wp-block-column is-vertically-aligned-center is-layout-flow wp-block-column-is-layout-flow\" style=\"flex-basis:33.33%\">\n<h3 class=\"wp-block-heading has-text-align-left\">Typografi<\/h3>\n\n\n\n<p class=\"has-text-align-left\">Last opp merkevarens farger, og sikre riktig skriftlig representasjon av merkevaren.<\/p>\n<\/div>\n<\/div>\n<\/div><\/div>\n\n\n\n<div class=\"wp-block-buttons cta-block__buttons is-content-justification-center is-layout-flex wp-container-core-buttons-is-layout-16018d1d wp-block-buttons-is-layout-flex\">\n<div class=\"wp-block-button\"><a class=\"wp-block-button__link has-theme-palette-2-background-color has-background wp-element-button\" href=\"https:\/\/brandguide.io\/no\/bedrift\/kontakt-bedrift\/\">Ta kontakt n\u00e5<\/a><\/div>\n<\/div>\n\n\n\n<div class=\"wp-block-group\"><div class=\"wp-block-group__inner-container is-layout-constrained wp-block-group-is-layout-constrained\">\n<div class=\"wp-block-columns gap-x-4 mb-12 lg:mb-16 is-layout-flex wp-container-core-columns-is-layout-9d6595d7 wp-block-columns-is-layout-flex\">\n<div class=\"wp-block-column is-vertically-aligned-center is-layout-flow wp-block-column-is-layout-flow\" style=\"flex-basis:33.33%\">\n<h3 class=\"wp-block-heading\">Video<\/h3>\n\n\n\n<p>Legg til videoene dine fra Vimeo og YouTube ved \u00e5 lime inn en lenke, eller last dem opp direkte til siden. Enkelt og raskt!<\/p>\n<\/div>\n\n\n\n<div class=\"wp-block-column is-layout-flow wp-block-column-is-layout-flow\" style=\"flex-basis:66.66%\"><div class=\"wp-block-image\">\n<figure class=\"aligncenter size-large\"><img loading=\"lazy\" decoding=\"async\" width=\"1024\" height=\"576\" src=\"https:\/\/brandguide.io\/wp-content\/uploads\/2023\/09\/7-1-1024x576.png\" alt=\"\" class=\"wp-image-2214\" srcset=\"https:\/\/brandguide.io\/wp-content\/uploads\/2023\/09\/7-1-1024x576.png 1024w, https:\/\/brandguide.io\/wp-content\/uploads\/2023\/09\/7-1-300x169.png 300w, https:\/\/brandguide.io\/wp-content\/uploads\/2023\/09\/7-1-768x432.png 768w, https:\/\/brandguide.io\/wp-content\/uploads\/2023\/09\/7-1.png 1366w\" sizes=\"auto, (max-width: 1024px) 100vw, 1024px\" \/><\/figure>\n<\/div><\/div>\n<\/div>\n<\/div><\/div>\n\n\n\n<div class=\"wp-block-group\"><div class=\"wp-block-group__inner-container is-layout-constrained wp-block-group-is-layout-constrained\">\n<div class=\"wp-block-columns gap-x-4 is-layout-flex wp-container-core-columns-is-layout-9d6595d7 wp-block-columns-is-layout-flex\">\n<div class=\"wp-block-column is-layout-flow wp-block-column-is-layout-flow\" style=\"flex-basis:66.66%\"><div class=\"wp-block-image\">\n<figure class=\"aligncenter size-large\"><img loading=\"lazy\" decoding=\"async\" width=\"1024\" height=\"683\" src=\"https:\/\/brandguide.io\/wp-content\/uploads\/2025\/05\/midlertidige-web-bilder-nedlastninger-1024x683.png\" alt=\"\" class=\"wp-image-4049\" srcset=\"https:\/\/brandguide.io\/wp-content\/uploads\/2025\/05\/midlertidige-web-bilder-nedlastninger-1024x683.png 1024w, https:\/\/brandguide.io\/wp-content\/uploads\/2025\/05\/midlertidige-web-bilder-nedlastninger-300x200.png 300w, https:\/\/brandguide.io\/wp-content\/uploads\/2025\/05\/midlertidige-web-bilder-nedlastninger-768x512.png 768w, https:\/\/brandguide.io\/wp-content\/uploads\/2025\/05\/midlertidige-web-bilder-nedlastninger.png 1200w\" sizes=\"auto, (max-width: 1024px) 100vw, 1024px\" \/><\/figure>\n<\/div><\/div>\n\n\n\n<div class=\"wp-block-column is-vertically-aligned-center is-layout-flow wp-block-column-is-layout-flow\" style=\"flex-basis:33.33%\">\n<h3 class=\"wp-block-heading has-text-align-left\">Nedlastbare filer<\/h3>\n\n\n\n<p class=\"has-text-align-left\">Hvorfor ha mediefilene dine i en separat l\u00f8sning? Oppbevar alle medie-filer p\u00e5 ett sted, og sikre deg oppdaterte og tilgjengelige filer til en hver tid, og spar utgifter p\u00e5 flere skylagringstjenester.<\/p>\n\n\n\n<p>Velg hvordan filene skal forh\u00e5ndsvises og bestem hvilken st\u00f8rrelse du \u00f8nsker n\u00e5r du laster ned, slik at du slipper \u00e5 endre st\u00f8rrelse etterp\u00e5.<\/p>\n<\/div>\n<\/div>\n<\/div><\/div>\n\n\n\n<div class=\"wp-block-buttons cta-block__buttons is-content-justification-center is-layout-flex wp-container-core-buttons-is-layout-16018d1d wp-block-buttons-is-layout-flex\">\n<div class=\"wp-block-button\"><a class=\"wp-block-button__link has-theme-palette-2-background-color has-background wp-element-button\" href=\"https:\/\/brandguide.io\/no\/bedrift\/kontakt-bedrift\/\">Ta kontakt n\u00e5<\/a><\/div>\n<\/div>\n\n\n\n<div class=\"wp-block-columns is-layout-flex wp-container-core-columns-is-layout-9d6595d7 wp-block-columns-is-layout-flex\">\n<div class=\"wp-block-column is-layout-flow wp-block-column-is-layout-flow\" style=\"flex-basis:100%\">\n<div class=\"wp-block-group\"><div class=\"wp-block-group__inner-container is-layout-constrained wp-block-group-is-layout-constrained\">\n<div class=\"wp-block-columns gap-x-4 mb-12 lg:mb-16 is-layout-flex wp-container-core-columns-is-layout-9d6595d7 wp-block-columns-is-layout-flex\">\n<div class=\"wp-block-column is-vertically-aligned-center is-layout-flow wp-block-column-is-layout-flow\" style=\"flex-basis:33.33%\">\n<h3 class=\"wp-block-heading\">Beskytt sensitiv informasjon<\/h3>\n\n\n\n<p>Hold informasjonen om merkevaren din trygg bak l\u00e5ste sider.<\/p>\n<\/div>\n\n\n\n<div class=\"wp-block-column is-layout-flow wp-block-column-is-layout-flow\" style=\"flex-basis:66.66%\"><div class=\"wp-block-image\">\n<figure class=\"aligncenter size-large\"><img loading=\"lazy\" decoding=\"async\" width=\"1024\" height=\"576\" src=\"https:\/\/brandguide.io\/wp-content\/uploads\/2023\/09\/9-1-1024x576.png\" alt=\"\" class=\"wp-image-2216\" srcset=\"https:\/\/brandguide.io\/wp-content\/uploads\/2023\/09\/9-1-1024x576.png 1024w, https:\/\/brandguide.io\/wp-content\/uploads\/2023\/09\/9-1-300x169.png 300w, https:\/\/brandguide.io\/wp-content\/uploads\/2023\/09\/9-1-768x432.png 768w, https:\/\/brandguide.io\/wp-content\/uploads\/2023\/09\/9-1.png 1366w\" sizes=\"auto, (max-width: 1024px) 100vw, 1024px\" \/><\/figure>\n<\/div><\/div>\n<\/div>\n<\/div><\/div>\n<\/div>\n<\/div>\n\n\n\n<h2 class=\"wp-block-heading has-text-align-center text-center cta-block__h2\">\u00d8nsker du en mer detaljert gjennomgang?<\/h2>\n\n\n<style>.wp-block-kadence-spacer.kt-block-spacer-3467_8ae3b5-78 .kt-block-spacer{height:60px;}.wp-block-kadence-spacer.kt-block-spacer-3467_8ae3b5-78 .kt-divider{border-top-width:1px;height:1px;border-top-color:rgba(238, 238, 238, 0.01);width:80%;border-top-style:solid;}<\/style>\n<div class=\"wp-block-kadence-spacer aligncenter kt-block-spacer-3467_8ae3b5-78\"><div class=\"kt-block-spacer kt-block-spacer-halign-center\"><hr class=\"kt-divider\"\/><\/div><\/div>\n\n\n\n<div class=\"wp-block-buttons cta-block__buttons is-content-justification-center is-layout-flex wp-container-core-buttons-is-layout-16018d1d wp-block-buttons-is-layout-flex\">\n<div class=\"wp-block-button\"><a class=\"wp-block-button__link has-theme-palette-2-background-color has-background wp-element-button\" href=\"https:\/\/brandguide.io\/no\/bedrift\/kontakt-bedrift\/\">Book demo<\/a><\/div>\n<\/div>\n","protected":false},"excerpt":{"rendered":"<p>brandguide.ioAlt-i-ett l\u00f8sning for din merkevare brandguide.io gj\u00f8r det raskt og enkelt \u00e5lage og dele klare retningslinjer for merkevaren din,slik at alle kan jobbe sammen for \u00e5 kommuniseremerkevaren din p\u00e5 en enhetlig m\u00e5te. Brukervennlige verkt\u00f8y Raskt og enkelt oppsett med ferdige blokker og alle verkt\u00f8yene du trenger p\u00e5 siden din. Passordbeskyttelse L\u00e5s spesifikke sider og hold&#8230;<\/p>\n","protected":false},"author":1,"featured_media":0,"parent":3473,"menu_order":0,"comment_status":"closed","ping_status":"closed","template":"","meta":{"_kad_blocks_custom_css":"","_kad_blocks_head_custom_js":"","_kad_blocks_body_custom_js":"","_kad_blocks_footer_custom_js":"","_kad_post_transparent":"","_kad_post_title":"","_kad_post_layout":"","_kad_post_sidebar_id":"","_kad_post_content_style":"","_kad_post_vertical_padding":"","_kad_post_feature":"","_kad_post_feature_position":"","_kad_post_header":false,"_kad_post_footer":false,"_kad_post_classname":"","footnotes":""},"class_list":["post-3467","page","type-page","status-publish","hentry"],"taxonomy_info":[],"featured_image_src_large":false,"author_info":{"display_name":"bgioadmin","author_link":"https:\/\/brandguide.io\/no\/author\/bgioadmin\/"},"comment_info":0,"_links":{"self":[{"href":"https:\/\/brandguide.io\/no\/wp-json\/wp\/v2\/pages\/3467","targetHints":{"allow":["GET"]}}],"collection":[{"href":"https:\/\/brandguide.io\/no\/wp-json\/wp\/v2\/pages"}],"about":[{"href":"https:\/\/brandguide.io\/no\/wp-json\/wp\/v2\/types\/page"}],"author":[{"embeddable":true,"href":"https:\/\/brandguide.io\/no\/wp-json\/wp\/v2\/users\/1"}],"replies":[{"embeddable":true,"href":"https:\/\/brandguide.io\/no\/wp-json\/wp\/v2\/comments?post=3467"}],"version-history":[{"count":0,"href":"https:\/\/brandguide.io\/no\/wp-json\/wp\/v2\/pages\/3467\/revisions"}],"up":[{"embeddable":true,"href":"https:\/\/brandguide.io\/no\/wp-json\/wp\/v2\/pages\/3473"}],"wp:attachment":[{"href":"https:\/\/brandguide.io\/no\/wp-json\/wp\/v2\/media?parent=3467"}],"curies":[{"name":"wp","href":"https:\/\/api.w.org\/{rel}","templated":true}]}}