{"id":3468,"date":"2025-02-07T14:30:43","date_gmt":"2025-02-07T13:30:43","guid":{"rendered":"https:\/\/brandguide.io\/brandguide-io\/"},"modified":"2025-11-13T14:39:27","modified_gmt":"2025-11-13T13:39:27","slug":"brandguide-io","status":"publish","type":"page","link":"https:\/\/brandguide.io\/no\/","title":{"rendered":"brandguide.io"},"content":{"rendered":"<style>.kb-row-layout-id3468_3bc56c-9b > .kt-row-column-wrap{align-content:start;}:where(.kb-row-layout-id3468_3bc56c-9b > .kt-row-column-wrap) > .wp-block-kadence-column{justify-content:start;}.kb-row-layout-id3468_3bc56c-9b > .kt-row-column-wrap{column-gap:var(--global-kb-gap-md, 2rem);row-gap:var(--global-kb-gap-md, 2rem);padding-top:var(--global-kb-spacing-sm, 1.5rem);padding-bottom:var(--global-kb-spacing-sm, 1.5rem);grid-template-columns:repeat(2, minmax(0, 1fr));}.kb-row-layout-id3468_3bc56c-9b > .kt-row-layout-overlay{opacity:0.30;}@media all and (max-width: 1024px){.kb-row-layout-id3468_3bc56c-9b > .kt-row-column-wrap{grid-template-columns:repeat(2, minmax(0, 1fr));}}@media all and (max-width: 767px){.kb-row-layout-id3468_3bc56c-9b > .kt-row-column-wrap{grid-template-columns:minmax(0, 1fr);}}<\/style><div class=\"kb-row-layout-wrap kb-row-layout-id3468_3bc56c-9b alignnone wp-block-kadence-rowlayout\"><div class=\"kt-row-column-wrap kt-has-2-columns kt-row-layout-equal kt-tab-layout-inherit kt-mobile-layout-row kt-row-valign-top\">\n<style>.kadence-column3468_a20caf-0b > .kt-inside-inner-col,.kadence-column3468_a20caf-0b > .kt-inside-inner-col:before{border-top-left-radius:0px;border-top-right-radius:0px;border-bottom-right-radius:0px;border-bottom-left-radius:0px;}.kadence-column3468_a20caf-0b > .kt-inside-inner-col{column-gap:var(--global-kb-gap-sm, 1rem);}.kadence-column3468_a20caf-0b > .kt-inside-inner-col{flex-direction:column;}.kadence-column3468_a20caf-0b > .kt-inside-inner-col > .aligncenter{width:100%;}.kadence-column3468_a20caf-0b > .kt-inside-inner-col:before{opacity:0.3;}.kadence-column3468_a20caf-0b{position:relative;}@media all and (max-width: 1024px){.kadence-column3468_a20caf-0b > .kt-inside-inner-col{flex-direction:column;justify-content:center;}}@media all and (max-width: 767px){.kadence-column3468_a20caf-0b > .kt-inside-inner-col{flex-direction:column;justify-content:center;}}<\/style>\n<div class=\"wp-block-kadence-column kadence-column3468_a20caf-0b\"><div class=\"kt-inside-inner-col\">\n<div style=\"height:100px\" aria-hidden=\"true\" class=\"wp-block-spacer\"><\/div>\n\n\n\n<h1 class=\"wp-block-heading\" style=\"font-size:48px\">Alt-i-ett-l\u00f8sning for alle merkevarer<\/h1>\n\n\n\n<p>Enten du er et byr\u00e5 som h\u00e5ndterer mange merker, eller en bedrift som bygger ditt eget \u2013 brandguide.io er merkevareplattformen for deg.<\/p>\n\n\n<style>.wp-block-kadence-advancedbtn.kb-btns3468_11d746-53{gap:var(--global-kb-gap-xs, 0.5rem );justify-content:flex-start;align-items:center;}.kt-btns3468_11d746-53 .kt-button{font-weight:normal;font-style:normal;}.kt-btns3468_11d746-53 .kt-btn-wrap-0{margin-right:5px;}.wp-block-kadence-advancedbtn.kt-btns3468_11d746-53 .kt-btn-wrap-0 .kt-button{color:#555555;border-color:#555555;}.wp-block-kadence-advancedbtn.kt-btns3468_11d746-53 .kt-btn-wrap-0 .kt-button:hover, .wp-block-kadence-advancedbtn.kt-btns3468_11d746-53 .kt-btn-wrap-0 .kt-button:focus{color:#ffffff;border-color:#444444;}.wp-block-kadence-advancedbtn.kt-btns3468_11d746-53 .kt-btn-wrap-0 .kt-button::before{display:none;}.wp-block-kadence-advancedbtn.kt-btns3468_11d746-53 .kt-btn-wrap-0 .kt-button:hover, .wp-block-kadence-advancedbtn.kt-btns3468_11d746-53 .kt-btn-wrap-0 .kt-button:focus{background:#444444;}<\/style>\n<div class=\"wp-block-kadence-advancedbtn kb-buttons-wrap kb-btns3468_11d746-53\"><style>ul.menu .wp-block-kadence-advancedbtn .kb-btn3468_1ba5db-58.kb-button{width:initial;}.wp-block-kadence-advancedbtn .kb-btn3468_1ba5db-58.kb-button{background:var(--global-palette2, #2B6CB0);}<\/style><a class=\"kb-button kt-button button kb-btn3468_1ba5db-58 kt-btn-size-standard kt-btn-width-type-auto kb-btn-global-fill  kt-btn-has-text-true kt-btn-has-svg-false  wp-block-kadence-singlebtn\" href=\"https:\/\/brandguide.io\/no\/bedrift\/\"><span class=\"kt-btn-inner-text\">For bedrift \u2192<\/span><\/a><\/div>\n\n\n<style>.wp-block-kadence-advancedbtn.kb-btns3468_64ebbd-98{gap:var(--global-kb-gap-xs, 0.5rem );justify-content:flex-start;align-items:center;}.kt-btns3468_64ebbd-98 .kt-button{font-weight:normal;font-style:normal;}.kt-btns3468_64ebbd-98 .kt-btn-wrap-0{margin-right:5px;}.wp-block-kadence-advancedbtn.kt-btns3468_64ebbd-98 .kt-btn-wrap-0 .kt-button{color:#555555;border-color:#555555;}.wp-block-kadence-advancedbtn.kt-btns3468_64ebbd-98 .kt-btn-wrap-0 .kt-button:hover, .wp-block-kadence-advancedbtn.kt-btns3468_64ebbd-98 .kt-btn-wrap-0 .kt-button:focus{color:#ffffff;border-color:#444444;}.wp-block-kadence-advancedbtn.kt-btns3468_64ebbd-98 .kt-btn-wrap-0 .kt-button::before{display:none;}.wp-block-kadence-advancedbtn.kt-btns3468_64ebbd-98 .kt-btn-wrap-0 .kt-button:hover, .wp-block-kadence-advancedbtn.kt-btns3468_64ebbd-98 .kt-btn-wrap-0 .kt-button:focus{background:#444444;}<\/style>\n<div class=\"wp-block-kadence-advancedbtn kb-buttons-wrap kb-btns3468_64ebbd-98\"><style>ul.menu .wp-block-kadence-advancedbtn .kb-btn3468_80a490-d5.kb-button{width:initial;}.wp-block-kadence-advancedbtn .kb-btn3468_80a490-d5.kb-button{background:var(--global-palette2, #2B6CB0);}<\/style><a class=\"kb-button kt-button button kb-btn3468_80a490-d5 kt-btn-size-standard kt-btn-width-type-auto kb-btn-global-fill  kt-btn-has-text-true kt-btn-has-svg-false  wp-block-kadence-singlebtn\" href=\"https:\/\/brandguide.io\/no\/brandguide-io-for-byraer\/\"><span class=\"kt-btn-inner-text\">For reklamebyr\u00e5 \u2192<\/span><\/a><\/div>\n<\/div><\/div>\n\n\n<style>.kadence-column3468_74287b-60 > .kt-inside-inner-col,.kadence-column3468_74287b-60 > .kt-inside-inner-col:before{border-top-left-radius:0px;border-top-right-radius:0px;border-bottom-right-radius:0px;border-bottom-left-radius:0px;}.kadence-column3468_74287b-60 > .kt-inside-inner-col{column-gap:var(--global-kb-gap-sm, 1rem);}.kadence-column3468_74287b-60 > .kt-inside-inner-col{flex-direction:column;}.kadence-column3468_74287b-60 > .kt-inside-inner-col > .aligncenter{width:100%;}.kadence-column3468_74287b-60 > .kt-inside-inner-col:before{opacity:0.3;}.kadence-column3468_74287b-60{position:relative;}@media all and (max-width: 1024px){.kadence-column3468_74287b-60 > .kt-inside-inner-col{flex-direction:column;justify-content:center;}}@media all and (max-width: 767px){.kadence-column3468_74287b-60 > .kt-inside-inner-col{flex-direction:column;justify-content:center;}}<\/style>\n<div class=\"wp-block-kadence-column kadence-column3468_74287b-60\"><div class=\"kt-inside-inner-col\">\n<figure class=\"wp-block-image size-full\"><img decoding=\"async\" src=\"https:\/\/brandguide.io\/wp-content\/uploads\/2023\/09\/hero-illustration.svg\" alt=\"Merkevaren er organisert i brandguide.io\" class=\"wp-image-1918\"\/><\/figure>\n<\/div><\/div>\n\n<\/div><\/div>\n\n<style>.kb-row-layout-id3468_54adda-f8 > .kt-row-column-wrap{align-content:center;}:where(.kb-row-layout-id3468_54adda-f8 > .kt-row-column-wrap) > .wp-block-kadence-column{justify-content:center;}.kb-row-layout-id3468_54adda-f8 > .kt-row-column-wrap{column-gap:var(--global-kb-gap-lg, 4rem);row-gap:var(--global-kb-gap-md, 2rem);max-width:var( --global-content-width, 1290px );padding-left:var(--global-content-edge-padding);padding-right:var(--global-content-edge-padding);grid-template-columns:minmax(0, 1fr);}.kb-row-layout-id3468_54adda-f8{background-color:rgba(248,249,250,0);}.kb-row-layout-id3468_54adda-f8 > .kt-row-layout-overlay{opacity:0.20;mix-blend-mode:multiply;}@media all and (max-width: 1024px){.kb-row-layout-id3468_54adda-f8 > .kt-row-column-wrap{grid-template-columns:minmax(0, 1fr);}}@media all and (max-width: 767px){.kb-row-layout-id3468_54adda-f8 > .kt-row-column-wrap{grid-template-columns:minmax(0, 1fr);}}<\/style><div class=\"kb-row-layout-wrap kb-row-layout-id3468_54adda-f8 alignfull kt-row-has-bg wp-block-kadence-rowlayout\"><div class=\"kt-row-column-wrap kt-has-1-columns kt-row-layout-equal kt-tab-layout-inherit kt-mobile-layout-row kt-row-valign-middle kb-theme-content-width\">\n<style>.kadence-column3468_962d13-7e > .kt-inside-inner-col,.kadence-column3468_962d13-7e > .kt-inside-inner-col:before{border-top-left-radius:0px;border-top-right-radius:0px;border-bottom-right-radius:0px;border-bottom-left-radius:0px;}.kadence-column3468_962d13-7e > .kt-inside-inner-col{column-gap:var(--global-kb-gap-sm, 1rem);}.kadence-column3468_962d13-7e > .kt-inside-inner-col{flex-direction:column;}.kadence-column3468_962d13-7e > .kt-inside-inner-col > .aligncenter{width:100%;}.kadence-column3468_962d13-7e > .kt-inside-inner-col:before{opacity:0.3;}.kadence-column3468_962d13-7e{text-align:center;}.kadence-column3468_962d13-7e{position:relative;}@media all and (max-width: 1024px){.kadence-column3468_962d13-7e > .kt-inside-inner-col{flex-direction:column;justify-content:center;}}@media all and (max-width: 767px){.kadence-column3468_962d13-7e > .kt-inside-inner-col{flex-direction:column;justify-content:center;}}<\/style>\n<div class=\"wp-block-kadence-column kadence-column3468_962d13-7e inner-column-1\"><div class=\"kt-inside-inner-col\"><style>.wp-block-kadence-advancedheading.kt-adv-heading3468_fe033b-91, .wp-block-kadence-advancedheading.kt-adv-heading3468_fe033b-91[data-kb-block=\"kb-adv-heading3468_fe033b-91\"]{margin-top:var(--global-kb-spacing-xs, 1rem);margin-bottom:var(--global-kb-spacing-sm, 1.5rem);text-align:center;font-size:36px;line-height:1.1;font-style:normal;}.wp-block-kadence-advancedheading.kt-adv-heading3468_fe033b-91 mark.kt-highlight, .wp-block-kadence-advancedheading.kt-adv-heading3468_fe033b-91[data-kb-block=\"kb-adv-heading3468_fe033b-91\"] mark.kt-highlight{font-style:normal;color:#f76a0c;-webkit-box-decoration-break:clone;box-decoration-break:clone;padding-top:0px;padding-right:0px;padding-bottom:0px;padding-left:0px;}.wp-block-kadence-advancedheading.kt-adv-heading3468_fe033b-91 img.kb-inline-image, .wp-block-kadence-advancedheading.kt-adv-heading3468_fe033b-91[data-kb-block=\"kb-adv-heading3468_fe033b-91\"] img.kb-inline-image{width:150px;vertical-align:baseline;}<\/style>\n<h2 class=\"kt-adv-heading3468_fe033b-91 wp-block-kadence-advancedheading has-theme-palette-3-color has-text-color\" data-kb-block=\"kb-adv-heading3468_fe033b-91\">Noen av v\u00e5re kunder<\/h2>\n\n\n<style>.kb-advanced-slider-3468_72c7ce-7e{--kb-adv-slider-gap:18px;}.kb-advanced-slider-3468_72c7ce-7e .kb-blocks-advanced-carousel .kb-blocks-advanced-slider-init:not(.is-initialized) .wp-block-kadence-slide{width:calc( 100%\/ 4 - ( ( var(--kb-adv-slider-gap) * 3 ) \/ 4 ) );}.kb-advanced-slider-3468_72c7ce-7e .kb-slider-size-fixed .kb-advanced-slide-inner-wrap{min-height:247px;}.kb-advanced-slider-3468_72c7ce-7e .kb-slider-pause-button{color:#fff;background-color:rgba(0, 0, 0, 0.8);border:1px solid transparent;}@media all and (max-width: 1024px){.kb-advanced-slider-3468_72c7ce-7e .kb-blocks-advanced-carousel .kb-blocks-advanced-slider-init:not(.is-initialized) .wp-block-kadence-slide{width:calc( 100%\/ 3 - ( ( var(--kb-adv-slider-gap) * 2 ) \/ 3 ) );}}@media all and (max-width: 767px){.kb-advanced-slider-3468_72c7ce-7e .kb-blocks-advanced-carousel .kb-blocks-advanced-slider-init:not(.is-initialized) .wp-block-kadence-slide{width:calc( 100%\/ 2 - ( ( var(--kb-adv-slider-gap) * 1 ) \/ 2 ) );}}<\/style><div class=\"kb-advanced-slider kb-advanced-slider-3468_72c7ce-7e wp-block-kadence-slider\"><div class=\"kb-advanced-slider-inner-contain kb-adv-slider-html-version-2\"><div class=\"kb-blocks-advanced-carousel kt-blocks-carousel kt-carousel-container-dotstyle-none\"><div class=\"kb-blocks-advanced-slider-init kb-slider-loading kb-blocks-slider kt-carousel-arrowstyle-none kt-carousel-dotstyle-none kb-slider-size-fixed kb-slider-type-carousel kb-slider-ratio-12-5 kb-slider-group-arrow kb-slider-arrow-position-center kb-slider-tab-ratio-inherit kb-slider-mobile-ratio-inherit splide kb-splide  kb-slider-version-2\" aria-label=\"Slider content\" data-slider-center-mode=\"false\" data-slider-type=\"carousel\" data-loop-type=\"loop\" data-columns-xxl=\"4\" data-columns-xl=\"4\" data-columns-md=\"4\" data-columns-sm=\"3\" data-columns-xs=\"2\" data-columns-ss=\"2\" data-slider-anim-speed=\"1740\" data-slider-scroll=\"1\" data-slider-fade=\"true\" data-slider-arrows=\"false\" data-slider-dots=\"false\" data-slider-hover-pause=\"false\" data-slider-auto=\"true\"  data-dragging=\"true\" data-slider-speed=\"0\" data-slider-gap=\"18\" data-slider-gap-tablet=\"18\" data-slider-gap-mobile=\"18\" data-slider-gap-unit=\"px\"><div class=\"splide__track\"><ul class=\"splide__list\">\n\n<li class=\"wp-block-kadence-slide kb-advanced-slide-item kb-slide-3468_c965c7-55\"><div class=\"kb-advanced-slide\"><div class=\"kb-advanced-slide-inner-wrap\"><div class=\"kb-advanced-slide-inner\"><div class=\"wp-block-image\">\n<figure class=\"aligncenter size-full\"><img decoding=\"async\" src=\"https:\/\/brandguide.io\/wp-content\/uploads\/2023\/09\/glodefisk.svg\" alt=\"\" class=\"wp-image-3087\"\/><\/figure>\n<\/div><\/div><\/div><\/div><\/li>\n\n\n\n<li class=\"wp-block-kadence-slide kb-advanced-slide-item kb-slide-3468_a3813f-6d\"><div class=\"kb-advanced-slide\"><div class=\"kb-advanced-slide-inner-wrap\"><div class=\"kb-advanced-slide-inner\"><div class=\"wp-block-image\">\n<figure class=\"aligncenter size-full\"><img decoding=\"async\" src=\"https:\/\/brandguide.io\/wp-content\/uploads\/2023\/09\/skagen.svg\" alt=\"\" class=\"wp-image-3100\"\/><\/figure>\n<\/div><\/div><\/div><\/div><\/li>\n\n\n\n<li class=\"wp-block-kadence-slide kb-advanced-slide-item kb-slide-3468_2b388b-cf\"><div class=\"kb-advanced-slide\"><div class=\"kb-advanced-slide-inner-wrap kb-slide-valign-middle\"><div class=\"kb-advanced-slide-inner\"><div class=\"wp-block-image\">\n<figure class=\"aligncenter size-full\" style=\"margin-top:0;margin-bottom:0\"><img decoding=\"async\" src=\"https:\/\/brandguide.io\/wp-content\/uploads\/2023\/09\/fasett.svg\" alt=\"\" class=\"wp-image-3084\"\/><\/figure>\n<\/div><\/div><\/div><\/div><\/li>\n\n\n\n<li class=\"wp-block-kadence-slide kb-advanced-slide-item kb-slide-3468_72edde-d5\"><div class=\"kb-advanced-slide\"><div class=\"kb-advanced-slide-inner-wrap\"><div class=\"kb-advanced-slide-inner\"><div class=\"wp-block-image\">\n<figure class=\"aligncenter size-full\"><img decoding=\"async\" src=\"https:\/\/brandguide.io\/wp-content\/uploads\/2023\/09\/ert.svg\" alt=\"\" class=\"wp-image-3083\"\/><\/figure>\n<\/div><\/div><\/div><\/div><\/li>\n\n\n\n<li class=\"wp-block-kadence-slide kb-advanced-slide-item kb-slide-3468_cd542e-40\"><div class=\"kb-advanced-slide\"><div class=\"kb-advanced-slide-inner-wrap\"><div class=\"kb-advanced-slide-inner\"><div class=\"wp-block-image\">\n<figure class=\"aligncenter size-full\"><img decoding=\"async\" src=\"https:\/\/brandguide.io\/wp-content\/uploads\/2023\/09\/melvar.svg\" alt=\"\" class=\"wp-image-3094\"\/><\/figure>\n<\/div><\/div><\/div><\/div><\/li>\n\n\n\n<li class=\"wp-block-kadence-slide kb-advanced-slide-item kb-slide-3468_a915ac-6c\"><div class=\"kb-advanced-slide\"><div class=\"kb-advanced-slide-inner-wrap\"><div class=\"kb-advanced-slide-inner\"><div class=\"wp-block-image\">\n<figure class=\"aligncenter size-full\"><img decoding=\"async\" src=\"https:\/\/brandguide.io\/wp-content\/uploads\/2023\/09\/aibel.svg\" alt=\"\" class=\"wp-image-3079\"\/><\/figure>\n<\/div><\/div><\/div><\/div><\/li>\n\n\n\n<li class=\"wp-block-kadence-slide kb-advanced-slide-item kb-slide-3468_893d51-7e\"><div class=\"kb-advanced-slide\"><div class=\"kb-advanced-slide-inner-wrap\"><div class=\"kb-advanced-slide-inner\"><div class=\"wp-block-image\">\n<figure class=\"aligncenter size-full\"><img decoding=\"async\" src=\"https:\/\/brandguide.io\/wp-content\/uploads\/2023\/09\/megabite.svg\" alt=\"\" class=\"wp-image-3093\"\/><\/figure>\n<\/div><\/div><\/div><\/div><\/li>\n\n\n\n<li class=\"wp-block-kadence-slide kb-advanced-slide-item kb-slide-3468_204dbd-f5\"><div class=\"kb-advanced-slide\"><div class=\"kb-advanced-slide-inner-wrap\"><div class=\"kb-advanced-slide-inner\"><div class=\"wp-block-image\">\n<figure class=\"aligncenter size-full\"><img decoding=\"async\" src=\"https:\/\/brandguide.io\/wp-content\/uploads\/2023\/09\/flow-group.svg\" alt=\"\" class=\"wp-image-3086\"\/><\/figure>\n<\/div><\/div><\/div><\/div><\/li>\n\n\n\n<li class=\"wp-block-kadence-slide kb-advanced-slide-item kb-slide-3468_eb1b61-17\"><div class=\"kb-advanced-slide\"><div class=\"kb-advanced-slide-inner-wrap\"><div class=\"kb-advanced-slide-inner\"><div class=\"wp-block-image\">\n<figure class=\"aligncenter size-full is-resized\"><img loading=\"lazy\" decoding=\"async\" width=\"248\" height=\"206\" src=\"https:\/\/brandguide.io\/wp-content\/uploads\/2025\/04\/norway-chess.png\" alt=\"\" class=\"wp-image-3843\" style=\"width:113px;height:auto\"\/><\/figure>\n<\/div><\/div><\/div><\/div><\/li>\n\n<\/ul><\/div><\/div><\/div><\/div><\/div><\/div><\/div>\n\n<\/div><\/div>\n\n\n<p><\/p>\n","protected":false},"excerpt":{"rendered":"<p>Alt-i-ett-l\u00f8sning for alle merkevarer Enten du er et byr\u00e5 som h\u00e5ndterer mange merker, eller en bedrift som bygger ditt eget \u2013 brandguide.io er merkevareplattformen for deg. Noen av v\u00e5re kunder<\/p>\n","protected":false},"author":1,"featured_media":0,"parent":0,"menu_order":1,"comment_status":"closed","ping_status":"closed","template":"","meta":{"_kad_blocks_custom_css":"","_kad_blocks_head_custom_js":"","_kad_blocks_body_custom_js":"","_kad_blocks_footer_custom_js":"","_kad_post_transparent":"","_kad_post_title":"","_kad_post_layout":"","_kad_post_sidebar_id":"","_kad_post_content_style":"","_kad_post_vertical_padding":"","_kad_post_feature":"","_kad_post_feature_position":"","_kad_post_header":false,"_kad_post_footer":false,"_kad_post_classname":"","footnotes":""},"class_list":["post-3468","page","type-page","status-publish","hentry"],"taxonomy_info":[],"featured_image_src_large":false,"author_info":{"display_name":"bgioadmin","author_link":"https:\/\/brandguide.io\/no\/author\/bgioadmin\/"},"comment_info":0,"_links":{"self":[{"href":"https:\/\/brandguide.io\/no\/wp-json\/wp\/v2\/pages\/3468","targetHints":{"allow":["GET"]}}],"collection":[{"href":"https:\/\/brandguide.io\/no\/wp-json\/wp\/v2\/pages"}],"about":[{"href":"https:\/\/brandguide.io\/no\/wp-json\/wp\/v2\/types\/page"}],"author":[{"embeddable":true,"href":"https:\/\/brandguide.io\/no\/wp-json\/wp\/v2\/users\/1"}],"replies":[{"embeddable":true,"href":"https:\/\/brandguide.io\/no\/wp-json\/wp\/v2\/comments?post=3468"}],"version-history":[{"count":0,"href":"https:\/\/brandguide.io\/no\/wp-json\/wp\/v2\/pages\/3468\/revisions"}],"wp:attachment":[{"href":"https:\/\/brandguide.io\/no\/wp-json\/wp\/v2\/media?parent=3468"}],"curies":[{"name":"wp","href":"https:\/\/api.w.org\/{rel}","templated":true}]}}