{"id":3533,"date":"2023-09-26T14:16:36","date_gmt":"2023-09-26T12:16:36","guid":{"rendered":"https:\/\/brandguide.io\/brandguide-io-for-byraer\/agency-pricing\/"},"modified":"2025-08-29T15:36:06","modified_gmt":"2025-08-29T13:36:06","slug":"priser-byra","status":"publish","type":"page","link":"https:\/\/brandguide.io\/no\/brandguide-io-for-byraer\/priser-byra\/","title":{"rendered":"Priser for byr\u00e5er"},"content":{"rendered":"\n<h1 class=\"wp-block-heading has-text-align-center text-center cta-block__h2\">Jobber du i et reklamebyr\u00e5?<\/h1>\n\n\n\n<p class=\"has-text-align-center intro text-center cta-intro\">V\u00e5rt produkt er designet for \u00e5 fungere effektivt i byr\u00e5hverdagen,<br>og vi tilbyr l\u00f8sninger som gj\u00f8r det enkelt \u00e5 h\u00e5ndtere flere prosjekter samtidig.<br><br>Ta kontakt med oss for tilgang og for \u00e5 finne den<br>beste m\u00e5ten \u00e5 bruke produktet i din virksomhet.<\/p>\n\n\n\n<div class=\"wp-block-buttons is-content-justification-center is-layout-flex wp-container-core-buttons-is-layout-16018d1d wp-block-buttons-is-layout-flex\">\n<div class=\"wp-block-button\"><a class=\"wp-block-button__link has-text-align-center wp-element-button\" href=\"https:\/\/brandguide.io\/no\/brandguide-io-for-byraer\/kontakt-byra\/\" target=\"_blank\" rel=\"noreferrer noopener\">Kontakt<\/a><\/div>\n<\/div>\n\n\n<div class=\"wp-block-image\">\n<figure class=\"aligncenter size-large\"><img loading=\"lazy\" decoding=\"async\" width=\"1024\" height=\"461\" src=\"https:\/\/brandguide.io\/wp-content\/uploads\/2025\/04\/SPREAD-3-1024x461.png\" alt=\"\" class=\"wp-image-3862\" srcset=\"https:\/\/brandguide.io\/wp-content\/uploads\/2025\/04\/SPREAD-3-1024x461.png 1024w, https:\/\/brandguide.io\/wp-content\/uploads\/2025\/04\/SPREAD-3-300x135.png 300w, https:\/\/brandguide.io\/wp-content\/uploads\/2025\/04\/SPREAD-3-768x346.png 768w, https:\/\/brandguide.io\/wp-content\/uploads\/2025\/04\/SPREAD-3-1536x691.png 1536w, https:\/\/brandguide.io\/wp-content\/uploads\/2025\/04\/SPREAD-3-2048x922.png 2048w\" sizes=\"auto, (max-width: 1024px) 100vw, 1024px\" \/><\/figure>\n<\/div>","protected":false},"excerpt":{"rendered":"<p>Jobber du i et reklamebyr\u00e5? V\u00e5rt produkt er designet for \u00e5 fungere effektivt i byr\u00e5hverdagen,og vi tilbyr l\u00f8sninger som gj\u00f8r det enkelt \u00e5 h\u00e5ndtere flere prosjekter samtidig. Ta kontakt med oss for tilgang og for \u00e5 finne denbeste m\u00e5ten \u00e5 bruke produktet i din virksomhet.<\/p>\n","protected":false},"author":1,"featured_media":0,"parent":3472,"menu_order":1,"comment_status":"closed","ping_status":"closed","template":"","meta":{"_kad_blocks_custom_css":"","_kad_blocks_head_custom_js":"","_kad_blocks_body_custom_js":"","_kad_blocks_footer_custom_js":"","_kad_post_transparent":"","_kad_post_title":"","_kad_post_layout":"","_kad_post_sidebar_id":"","_kad_post_content_style":"","_kad_post_vertical_padding":"","_kad_post_feature":"","_kad_post_feature_position":"","_kad_post_header":false,"_kad_post_footer":false,"_kad_post_classname":"","footnotes":""},"class_list":["post-3533","page","type-page","status-publish","hentry"],"taxonomy_info":[],"featured_image_src_large":false,"author_info":{"display_name":"bgioadmin","author_link":"https:\/\/brandguide.io\/no\/author\/bgioadmin\/"},"comment_info":0,"_links":{"self":[{"href":"https:\/\/brandguide.io\/no\/wp-json\/wp\/v2\/pages\/3533","targetHints":{"allow":["GET"]}}],"collection":[{"href":"https:\/\/brandguide.io\/no\/wp-json\/wp\/v2\/pages"}],"about":[{"href":"https:\/\/brandguide.io\/no\/wp-json\/wp\/v2\/types\/page"}],"author":[{"embeddable":true,"href":"https:\/\/brandguide.io\/no\/wp-json\/wp\/v2\/users\/1"}],"replies":[{"embeddable":true,"href":"https:\/\/brandguide.io\/no\/wp-json\/wp\/v2\/comments?post=3533"}],"version-history":[{"count":0,"href":"https:\/\/brandguide.io\/no\/wp-json\/wp\/v2\/pages\/3533\/revisions"}],"up":[{"embeddable":true,"href":"https:\/\/brandguide.io\/no\/wp-json\/wp\/v2\/pages\/3472"}],"wp:attachment":[{"href":"https:\/\/brandguide.io\/no\/wp-json\/wp\/v2\/media?parent=3533"}],"curies":[{"name":"wp","href":"https:\/\/api.w.org\/{rel}","templated":true}]}}