{"id":3538,"date":"2023-09-11T14:14:59","date_gmt":"2023-09-11T12:14:59","guid":{"rendered":"https:\/\/brandguide.io\/brandguide-io-for-byraer\/produkt\/"},"modified":"2025-11-13T14:41:28","modified_gmt":"2025-11-13T13:41:28","slug":"produkt","status":"publish","type":"page","link":"https:\/\/brandguide.io\/no\/brandguide-io-for-byraer\/produkt\/","title":{"rendered":"Produkt Byr\u00e5"},"content":{"rendered":"\n<section class=\"wp-block-group hero-block mb-8 lg:mb-12\"><div class=\"wp-block-group__inner-container is-layout-flow wp-block-group-is-layout-flow\">\n<div class=\"wp-block-columns is-layout-flex wp-container-core-columns-is-layout-9d6595d7 wp-block-columns-is-layout-flex\">\n<div class=\"wp-block-column is-vertically-aligned-center is-layout-flow wp-block-column-is-layout-flow\">\n<h1 class=\"wp-block-heading\"><strong>brandguide.io<br><\/strong><span class=\"gradient-text\"><strong>Hjemmet til<\/strong><\/span><br><span class=\"gradient-text\"><strong>alle merkevare<\/strong><\/span>r<\/h1>\n\n\n\n<p class=\"intro\">Denne digitale plattformen forenkler merkevarebygging og leveranse av designretningslinjer og ressurser til kunder og samarbeidspartnere, slik at du kan fokusere p\u00e5 det du elsker &#8211; \u00e5 gi liv til dine kreative visjoner.<br><\/p>\n<\/div>\n\n\n\n<div class=\"wp-block-column is-layout-flow wp-block-column-is-layout-flow\">\n<figure class=\"wp-block-image size-large is-style-default\"><img loading=\"lazy\" decoding=\"async\" width=\"1024\" height=\"576\" src=\"https:\/\/brandguide.io\/wp-content\/uploads\/2023\/09\/Untitled-design-5-1024x576.png\" alt=\"\" class=\"wp-image-2222\" srcset=\"https:\/\/brandguide.io\/wp-content\/uploads\/2023\/09\/Untitled-design-5-1024x576.png 1024w, https:\/\/brandguide.io\/wp-content\/uploads\/2023\/09\/Untitled-design-5-300x169.png 300w, https:\/\/brandguide.io\/wp-content\/uploads\/2023\/09\/Untitled-design-5-768x432.png 768w, https:\/\/brandguide.io\/wp-content\/uploads\/2023\/09\/Untitled-design-5.png 1366w\" sizes=\"auto, (max-width: 1024px) 100vw, 1024px\" \/><\/figure>\n<\/div>\n<\/div>\n<\/div><\/section>\n\n\n\n<div class=\"wp-block-buttons cta-block__buttons is-layout-flex wp-block-buttons-is-layout-flex\">\n<div class=\"wp-block-button\"><a class=\"wp-block-button__link has-theme-palette-2-background-color has-background wp-element-button\" href=\"https:\/\/brandguide.io\/no\/brandguide-io-for-byraer\/kontakt-byra\/\">Ta kontakt n\u00e5<\/a><\/div>\n<\/div>\n\n\n\n<div style=\"height:56px\" aria-hidden=\"true\" class=\"wp-block-spacer\"><\/div>\n\n\n\n<h2 class=\"wp-block-heading has-text-align-center text-center h2-block\">Dette er det du f\u00e5r<\/h2>\n\n\n\n<section class=\"wp-block-group image-columns-block\"><div class=\"wp-block-group__inner-container is-layout-flow wp-block-group-is-layout-flow\">\n<div class=\"wp-block-columns items-start is-layout-flex wp-container-core-columns-is-layout-9d6595d7 wp-block-columns-is-layout-flex\">\n<div class=\"wp-block-column text-center is-layout-flow wp-block-column-is-layout-flow\"><div class=\"wp-block-image mx-auto mb-8\">\n<figure class=\"aligncenter size-full\"><img decoding=\"async\" src=\"https:\/\/brandguide.io\/wp-content\/uploads\/2023\/09\/block.svg\" alt=\"\" class=\"wp-image-2226\"\/><\/figure>\n<\/div>\n\n\n<h3 class=\"wp-block-heading has-text-align-center\">Forh\u00e5ndsdefinerte blokker<\/h3>\n\n\n\n<p class=\"has-text-align-center wp-block-paragraph\">Rask og enkel oppsett med forh\u00e5ndsdefinerte blokker, med alle n\u00f8dvendige verkt\u00f8y og elementer som trengs i guiden.<\/p>\n<\/div>\n\n\n\n<div class=\"wp-block-column text-center is-layout-flow wp-block-column-is-layout-flow\"><div class=\"wp-block-image mx-auto mb-8\">\n<figure class=\"aligncenter size-full\"><img decoding=\"async\" src=\"https:\/\/brandguide.io\/wp-content\/uploads\/2023\/09\/privacy.svg\" alt=\"\" class=\"wp-image-1924\"\/><\/figure>\n<\/div>\n\n\n<h3 class=\"wp-block-heading has-text-align-center\">Passordbeskyttelse<\/h3>\n\n\n\n<p class=\"has-text-align-center wp-block-paragraph\">Hold sensitiv informasjon trygg bak et passord p\u00e5 \u00f8nskede sider.<\/p>\n<\/div>\n\n\n\n<div class=\"wp-block-column text-center is-layout-flow wp-block-column-is-layout-flow\"><div class=\"wp-block-image mx-auto mb-8\">\n<figure class=\"aligncenter size-full\"><img decoding=\"async\" src=\"https:\/\/brandguide.io\/wp-content\/uploads\/2023\/09\/grid-view.svg\" alt=\"\" class=\"wp-image-1915\"\/><\/figure>\n<\/div>\n\n\n<h3 class=\"wp-block-heading has-text-align-center\">Dashbord for byr\u00e5er<\/h3>\n\n\n\n<p class=\"has-text-align-center wp-block-paragraph\">Administrer hele byr\u00e5ets kunde identiteter fra ett sentralt sted.<\/p>\n<\/div>\n<\/div>\n<\/div><\/section>\n\n\n\n<div style=\"height:56px\" aria-hidden=\"true\" class=\"wp-block-spacer\"><\/div>\n\n\n\n<div class=\"wp-block-group\"><div class=\"wp-block-group__inner-container is-layout-constrained wp-block-group-is-layout-constrained\">\n<div class=\"wp-block-columns gap-x-4 mb-12 lg:mb-16 is-layout-flex wp-container-core-columns-is-layout-9d6595d7 wp-block-columns-is-layout-flex\">\n<div class=\"wp-block-column is-vertically-aligned-center is-layout-flow wp-block-column-is-layout-flow\" style=\"flex-basis:33.33%\">\n<h3 class=\"wp-block-heading\">Tekst<\/h3>\n\n\n\n<p>Sett opp overskrifter, tekst og lister til retningslinjer ved hjelp av avsnitts- og overskriftsblokkene. Flytt dem enkelt rundt for \u00e5 endre sidelayouten slik du \u00f8nsker.<\/p>\n<\/div>\n\n\n\n<div class=\"wp-block-column is-layout-flow wp-block-column-is-layout-flow\" style=\"flex-basis:66.66%\"><div class=\"wp-block-image\">\n<figure class=\"aligncenter size-large\"><img loading=\"lazy\" decoding=\"async\" width=\"1024\" height=\"576\" src=\"https:\/\/brandguide.io\/wp-content\/uploads\/2023\/09\/3-1-1024x576.png\" alt=\"\" class=\"wp-image-2209\" srcset=\"https:\/\/brandguide.io\/wp-content\/uploads\/2023\/09\/3-1-1024x576.png 1024w, https:\/\/brandguide.io\/wp-content\/uploads\/2023\/09\/3-1-300x169.png 300w, https:\/\/brandguide.io\/wp-content\/uploads\/2023\/09\/3-1-768x432.png 768w, https:\/\/brandguide.io\/wp-content\/uploads\/2023\/09\/3-1.png 1366w\" sizes=\"auto, (max-width: 1024px) 100vw, 1024px\" \/><\/figure>\n<\/div><\/div>\n<\/div>\n<\/div><\/div>\n\n\n\n<div class=\"wp-block-group\"><div class=\"wp-block-group__inner-container is-layout-constrained wp-block-group-is-layout-constrained\">\n<div class=\"wp-block-columns are-vertically-aligned-center gap-x-4 mb-12 lg:mb-16 is-layout-flex wp-container-core-columns-is-layout-9d6595d7 wp-block-columns-is-layout-flex\">\n<div class=\"wp-block-column is-vertically-aligned-center is-layout-flow wp-block-column-is-layout-flow\" style=\"flex-basis:66.66%\"><div class=\"wp-block-image\">\n<figure class=\"aligncenter size-large\"><img loading=\"lazy\" decoding=\"async\" width=\"1024\" height=\"576\" src=\"https:\/\/brandguide.io\/wp-content\/uploads\/2023\/09\/4-1024x576.png\" alt=\"\" class=\"wp-image-2210\" srcset=\"https:\/\/brandguide.io\/wp-content\/uploads\/2023\/09\/4-1024x576.png 1024w, https:\/\/brandguide.io\/wp-content\/uploads\/2023\/09\/4-300x169.png 300w, https:\/\/brandguide.io\/wp-content\/uploads\/2023\/09\/4-768x432.png 768w, https:\/\/brandguide.io\/wp-content\/uploads\/2023\/09\/4.png 1366w\" sizes=\"auto, (max-width: 1024px) 100vw, 1024px\" \/><\/figure>\n<\/div><\/div>\n\n\n\n<div class=\"wp-block-column is-vertically-aligned-center is-layout-flow wp-block-column-is-layout-flow\" style=\"flex-basis:33.33%\">\n<h3 class=\"wp-block-heading has-text-align-left\">Bilder<\/h3>\n\n\n\n<p class=\"has-text-align-left\">Vis fram bildegalleriene til kundene dine p\u00e5 en vakker m\u00e5te med tilh\u00f8rende retningslinjer. Bestem layouten selv.<\/p>\n<\/div>\n<\/div>\n<\/div><\/div>\n\n\n\n<div class=\"wp-block-buttons cta-block__buttons is-content-justification-center is-layout-flex wp-container-core-buttons-is-layout-16018d1d wp-block-buttons-is-layout-flex\">\n<div class=\"wp-block-button\"><a class=\"wp-block-button__link has-theme-palette-2-background-color has-background wp-element-button\" href=\"https:\/\/brandguide.io\/no\/brandguide-io-for-byraer\/kontakt-byra\/\">Ta kontakt n\u00e5<\/a><\/div>\n<\/div>\n\n\n\n<div class=\"wp-block-group\"><div class=\"wp-block-group__inner-container is-layout-constrained wp-block-group-is-layout-constrained\">\n<div class=\"wp-block-columns gap-x-4 mb-12 lg:mb-16 is-layout-flex wp-container-core-columns-is-layout-9d6595d7 wp-block-columns-is-layout-flex\">\n<div class=\"wp-block-column is-vertically-aligned-center is-layout-flow wp-block-column-is-layout-flow\" style=\"flex-basis:33.33%\">\n<h3 class=\"wp-block-heading\">Fargepalett<\/h3>\n\n\n\n<p>Alle designere trenger denne blokken! Med dette praktiske verkt\u00f8yet kan du sette opp en fargepalett for merkevaren. Enkle funksjoner for \u00e5 velge \u00f8nsket farge. Kopier fargeverdien enkelt med ett klikk.<\/p>\n<\/div>\n\n\n\n<div class=\"wp-block-column is-layout-flow wp-block-column-is-layout-flow\" style=\"flex-basis:66.66%\"><div class=\"wp-block-image\">\n<figure class=\"aligncenter size-large\"><img loading=\"lazy\" decoding=\"async\" width=\"1024\" height=\"576\" src=\"https:\/\/brandguide.io\/wp-content\/uploads\/2023\/09\/5-1024x576.png\" alt=\"\" class=\"wp-image-2212\" srcset=\"https:\/\/brandguide.io\/wp-content\/uploads\/2023\/09\/5-1024x576.png 1024w, https:\/\/brandguide.io\/wp-content\/uploads\/2023\/09\/5-300x169.png 300w, https:\/\/brandguide.io\/wp-content\/uploads\/2023\/09\/5-768x432.png 768w, https:\/\/brandguide.io\/wp-content\/uploads\/2023\/09\/5.png 1366w\" sizes=\"auto, (max-width: 1024px) 100vw, 1024px\" \/><\/figure>\n<\/div><\/div>\n<\/div>\n<\/div><\/div>\n\n\n\n<div class=\"wp-block-group\"><div class=\"wp-block-group__inner-container is-layout-constrained wp-block-group-is-layout-constrained\">\n<div class=\"wp-block-columns gap-x-4 mb-12 lg:mb-16 is-layout-flex wp-container-core-columns-is-layout-9d6595d7 wp-block-columns-is-layout-flex\">\n<div class=\"wp-block-column is-layout-flow wp-block-column-is-layout-flow\" style=\"flex-basis:66.66%\"><div class=\"wp-block-image\">\n<figure class=\"aligncenter size-large\"><img loading=\"lazy\" decoding=\"async\" width=\"1366\" height=\"768\" src=\"https:\/\/brandguide.io\/wp-content\/uploads\/2023\/09\/6-1024x576.png\" alt=\"\" class=\"wp-image-2213\" srcset=\"https:\/\/brandguide.io\/wp-content\/uploads\/2023\/09\/6-1024x576.png 1024w, https:\/\/brandguide.io\/wp-content\/uploads\/2023\/09\/6-300x169.png 300w, https:\/\/brandguide.io\/wp-content\/uploads\/2023\/09\/6-768x432.png 768w, https:\/\/brandguide.io\/wp-content\/uploads\/2023\/09\/6.png 1366w\" sizes=\"auto, (max-width: 1366px) 100vw, 1366px\" \/><\/figure>\n<\/div><\/div>\n\n\n\n<div class=\"wp-block-column is-vertically-aligned-center is-layout-flow wp-block-column-is-layout-flow\" style=\"flex-basis:33.33%\">\n<h3 class=\"wp-block-heading has-text-align-left\">Typografi<\/h3>\n\n\n\n<p class=\"has-text-align-left\">Nok et praktisk verkt\u00f8y for alle designere der ute! Last opp fonter og se dem umiddelbart bli synlige i typografiblokken!<\/p>\n<\/div>\n<\/div>\n<\/div><\/div>\n\n\n\n<div class=\"wp-block-group\"><div class=\"wp-block-group__inner-container is-layout-constrained wp-block-group-is-layout-constrained\">\n<div class=\"wp-block-columns gap-x-4 mb-12 lg:mb-16 is-layout-flex wp-container-core-columns-is-layout-9d6595d7 wp-block-columns-is-layout-flex\">\n<div class=\"wp-block-column is-vertically-aligned-center is-layout-flow wp-block-column-is-layout-flow\" style=\"flex-basis:33.33%\">\n<h3 class=\"wp-block-heading\">Video<\/h3>\n\n\n\n<p>Legg inn videoene dine fra Vimeo og YouTube ved \u00e5 lime inn en lenke i blokken. Du kan ogs\u00e5 laste de opp direkte p\u00e5 siden. S\u00e5 enkelt er det!<\/p>\n<\/div>\n\n\n\n<div class=\"wp-block-column is-layout-flow wp-block-column-is-layout-flow\" style=\"flex-basis:66.66%\"><div class=\"wp-block-image\">\n<figure class=\"aligncenter size-large\"><img loading=\"lazy\" decoding=\"async\" width=\"1024\" height=\"546\" src=\"https:\/\/brandguide.io\/wp-content\/uploads\/2025\/01\/product-page-video-updated-1024x546.png\" alt=\"\" class=\"wp-image-2948\" srcset=\"https:\/\/brandguide.io\/wp-content\/uploads\/2025\/01\/product-page-video-updated-1024x546.png 1024w, https:\/\/brandguide.io\/wp-content\/uploads\/2025\/01\/product-page-video-updated-300x160.png 300w, https:\/\/brandguide.io\/wp-content\/uploads\/2025\/01\/product-page-video-updated-768x410.png 768w, https:\/\/brandguide.io\/wp-content\/uploads\/2025\/01\/product-page-video-updated.png 1500w\" sizes=\"auto, (max-width: 1024px) 100vw, 1024px\" \/><\/figure>\n<\/div><\/div>\n<\/div>\n<\/div><\/div>\n\n\n\n<div class=\"wp-block-buttons cta-block__buttons is-content-justification-center is-layout-flex wp-container-core-buttons-is-layout-16018d1d wp-block-buttons-is-layout-flex\">\n<div class=\"wp-block-button\"><a class=\"wp-block-button__link has-theme-palette-2-background-color has-background wp-element-button\" href=\"https:\/\/brandguide.io\/no\/brandguide-io-for-byraer\/kontakt-byra\/\">Ta kontakt n\u00e5<\/a><\/div>\n<\/div>\n\n\n\n<div class=\"wp-block-group\"><div class=\"wp-block-group__inner-container is-layout-constrained wp-block-group-is-layout-constrained\">\n<div class=\"wp-block-columns gap-x-4 is-layout-flex wp-container-core-columns-is-layout-9d6595d7 wp-block-columns-is-layout-flex\">\n<div class=\"wp-block-column is-layout-flow wp-block-column-is-layout-flow\" style=\"flex-basis:66.66%\"><div class=\"wp-block-image\">\n<figure class=\"aligncenter size-large\"><img loading=\"lazy\" decoding=\"async\" width=\"1024\" height=\"576\" src=\"https:\/\/brandguide.io\/wp-content\/uploads\/2023\/09\/8-1-1024x576.png\" alt=\"\" class=\"wp-image-2215\" srcset=\"https:\/\/brandguide.io\/wp-content\/uploads\/2023\/09\/8-1-1024x576.png 1024w, https:\/\/brandguide.io\/wp-content\/uploads\/2023\/09\/8-1-300x169.png 300w, https:\/\/brandguide.io\/wp-content\/uploads\/2023\/09\/8-1-768x432.png 768w, https:\/\/brandguide.io\/wp-content\/uploads\/2023\/09\/8-1.png 1366w\" sizes=\"auto, (max-width: 1024px) 100vw, 1024px\" \/><\/figure>\n<\/div><\/div>\n\n\n\n<div class=\"wp-block-column is-vertically-aligned-center is-layout-flow wp-block-column-is-layout-flow\" style=\"flex-basis:33.33%\">\n<h3 class=\"wp-block-heading has-text-align-left\">Nedlastbare filer<\/h3>\n\n\n\n<p class=\"has-text-align-left\">Hvorfor oppbevare ressursene separat? Oppbevar alle merkevareressursene og filene til kunden rett p\u00e5 siden deres! F\u00e5 alltid oppdaterte filer ved \u00e5 laste dem opp til samme sted, og spar tid for dere selv og kunden.<\/p>\n<\/div>\n<\/div>\n<\/div><\/div>\n\n\n\n<div class=\"wp-block-columns is-layout-flex wp-container-core-columns-is-layout-9d6595d7 wp-block-columns-is-layout-flex\">\n<div class=\"wp-block-column is-layout-flow wp-block-column-is-layout-flow\" style=\"flex-basis:100%\">\n<div class=\"wp-block-group\"><div class=\"wp-block-group__inner-container is-layout-constrained wp-block-group-is-layout-constrained\">\n<div class=\"wp-block-columns gap-x-4 mb-12 lg:mb-16 is-layout-flex wp-container-core-columns-is-layout-9d6595d7 wp-block-columns-is-layout-flex\">\n<div class=\"wp-block-column is-vertically-aligned-center is-layout-flow wp-block-column-is-layout-flow\" style=\"flex-basis:33.33%\">\n<h3 class=\"wp-block-heading\">Passordbeskyttede sider<\/h3>\n\n\n\n<p>\u00d8nsker kunden \u00e5 holde visse deler av merkevaren skjult? Sett opp en passordl\u00e5s til den aktuelle siden og hold sensitiv informasjon sikker.<\/p>\n<\/div>\n\n\n\n<div class=\"wp-block-column is-vertically-aligned-center is-layout-flow wp-block-column-is-layout-flow\" style=\"flex-basis:66.66%\"><div class=\"wp-block-image\">\n<figure class=\"aligncenter size-large\"><img loading=\"lazy\" decoding=\"async\" width=\"1024\" height=\"576\" src=\"https:\/\/brandguide.io\/wp-content\/uploads\/2023\/09\/9-1-1024x576.png\" alt=\"\" class=\"wp-image-2216\" srcset=\"https:\/\/brandguide.io\/wp-content\/uploads\/2023\/09\/9-1-1024x576.png 1024w, https:\/\/brandguide.io\/wp-content\/uploads\/2023\/09\/9-1-300x169.png 300w, https:\/\/brandguide.io\/wp-content\/uploads\/2023\/09\/9-1-768x432.png 768w, https:\/\/brandguide.io\/wp-content\/uploads\/2023\/09\/9-1.png 1366w\" sizes=\"auto, (max-width: 1024px) 100vw, 1024px\" \/><\/figure>\n<\/div><\/div>\n<\/div>\n<\/div><\/div>\n<\/div>\n<\/div>\n\n\n\n<div class=\"wp-block-group\"><div class=\"wp-block-group__inner-container is-layout-constrained wp-block-group-is-layout-constrained\">\n<div class=\"wp-block-columns gap-x-4 is-layout-flex wp-container-core-columns-is-layout-9d6595d7 wp-block-columns-is-layout-flex\">\n<div class=\"wp-block-column is-layout-flow wp-block-column-is-layout-flow\" style=\"flex-basis:66.66%\"><div class=\"wp-block-image\">\n<figure class=\"aligncenter size-large\"><img loading=\"lazy\" decoding=\"async\" width=\"1024\" height=\"546\" src=\"https:\/\/brandguide.io\/wp-content\/uploads\/2025\/01\/product-page-shortcut-updated-1024x546.png\" alt=\"\" class=\"wp-image-2951\" srcset=\"https:\/\/brandguide.io\/wp-content\/uploads\/2025\/01\/product-page-shortcut-updated-1024x546.png 1024w, https:\/\/brandguide.io\/wp-content\/uploads\/2025\/01\/product-page-shortcut-updated-300x160.png 300w, https:\/\/brandguide.io\/wp-content\/uploads\/2025\/01\/product-page-shortcut-updated-768x410.png 768w, https:\/\/brandguide.io\/wp-content\/uploads\/2025\/01\/product-page-shortcut-updated.png 1500w\" sizes=\"auto, (max-width: 1024px) 100vw, 1024px\" \/><\/figure>\n<\/div><\/div>\n\n\n\n<div class=\"wp-block-column is-vertically-aligned-center is-layout-flow wp-block-column-is-layout-flow\" style=\"flex-basis:33.33%\">\n<h3 class=\"wp-block-heading has-text-align-left\">Snarveier<\/h3>\n\n\n\n<p class=\"has-text-align-left\">Kom deg dit du skal p\u00e5 kort tid!<br>Sett opp snarveier til sider, slik at b\u00e5de du og kunden enkelt kan g\u00e5 til \u00f8nsket side, enten ved hjelp av en lenke eller ved \u00e5 velge siden i drop-down menyen.<\/p>\n<\/div>\n<\/div>\n<\/div><\/div>\n\n\n\n<div class=\"wp-block-group\"><div class=\"wp-block-group__inner-container is-layout-constrained wp-block-group-is-layout-constrained\">\n<div class=\"wp-block-columns gap-x-4 mb-12 lg:mb-16 is-layout-flex wp-container-core-columns-is-layout-9d6595d7 wp-block-columns-is-layout-flex\">\n<div class=\"wp-block-column is-vertically-aligned-center is-layout-flow wp-block-column-is-layout-flow\" style=\"flex-basis:33.33%\">\n<h3 class=\"wp-block-heading\">Tilpassbart tema<\/h3>\n\n\n\n<p>Du kan endre bakgrunnsfargen, fontene og tekstfargene med temainnstillingene for \u00e5 opprettholde den visuelle identiteten til kunden din.<\/p>\n<\/div>\n\n\n\n<div class=\"wp-block-column is-layout-flow wp-block-column-is-layout-flow\" style=\"flex-basis:66.66%\"><div class=\"wp-block-image\">\n<figure class=\"aligncenter size-large\"><img loading=\"lazy\" decoding=\"async\" width=\"1024\" height=\"546\" src=\"https:\/\/brandguide.io\/wp-content\/uploads\/2025\/01\/product-them-updated-1024x546.png\" alt=\"\" class=\"wp-image-2955\" srcset=\"https:\/\/brandguide.io\/wp-content\/uploads\/2025\/01\/product-them-updated-1024x546.png 1024w, https:\/\/brandguide.io\/wp-content\/uploads\/2025\/01\/product-them-updated-300x160.png 300w, https:\/\/brandguide.io\/wp-content\/uploads\/2025\/01\/product-them-updated-768x410.png 768w, https:\/\/brandguide.io\/wp-content\/uploads\/2025\/01\/product-them-updated.png 1500w\" sizes=\"auto, (max-width: 1024px) 100vw, 1024px\" \/><\/figure>\n<\/div><\/div>\n<\/div>\n<\/div><\/div>\n\n\n\n<div class=\"wp-block-buttons cta-block__buttons is-content-justification-center is-layout-flex wp-container-core-buttons-is-layout-16018d1d wp-block-buttons-is-layout-flex\">\n<div class=\"wp-block-button\"><a class=\"wp-block-button__link has-theme-palette-2-background-color has-background wp-element-button\" href=\"https:\/\/brandguide.io\/no\/brandguide-io-for-byraer\/kontakt-byra\/\">Ta kontakt n\u00e5<\/a><\/div>\n<\/div>\n\n\n\n<div style=\"height:100px\" aria-hidden=\"true\" class=\"wp-block-spacer\"><\/div>\n\n\n\n<section class=\"wp-block-group page-hero-block mb-8 lg:mb-12\"><div class=\"wp-block-group__inner-container is-layout-flow wp-block-group-is-layout-flow\">\n<h2 class=\"wp-block-heading has-text-align-center text-center\"><span class=\"gradient-text\">Dashbord for<\/span> byr\u00e5er<\/h2>\n\n\n\n<p class=\"has-text-align-center intro text-center mx-auto\">Vis kundenes varemerker i en oversiktlig rutenettvisning p\u00e5 byr\u00e5ets dashbord. Velg om du vil vise varemerkene i alfabetisk rekkef\u00f8lge, etter siste endring eller i en kolonnevisning. <\/p>\n<\/div><\/section>\n\n\n\n<figure class=\"wp-block-image size-large\"><img loading=\"lazy\" decoding=\"async\" width=\"1024\" height=\"602\" src=\"https:\/\/brandguide.io\/wp-content\/uploads\/2023\/09\/Untitled-design-4-1-1024x602.png\" alt=\"\" class=\"wp-image-2175\" srcset=\"https:\/\/brandguide.io\/wp-content\/uploads\/2023\/09\/Untitled-design-4-1-1024x602.png 1024w, https:\/\/brandguide.io\/wp-content\/uploads\/2023\/09\/Untitled-design-4-1-300x176.png 300w, https:\/\/brandguide.io\/wp-content\/uploads\/2023\/09\/Untitled-design-4-1-768x452.png 768w, https:\/\/brandguide.io\/wp-content\/uploads\/2023\/09\/Untitled-design-4-1-1536x904.png 1536w, https:\/\/brandguide.io\/wp-content\/uploads\/2023\/09\/Untitled-design-4-1-2048x1205.png 2048w\" sizes=\"auto, (max-width: 1024px) 100vw, 1024px\" \/><\/figure>\n\n\n\n<div class=\"wp-block-buttons cta-block__buttons is-content-justification-center is-layout-flex wp-container-core-buttons-is-layout-16018d1d wp-block-buttons-is-layout-flex\">\n<div class=\"wp-block-button\"><a class=\"wp-block-button__link has-theme-palette-2-background-color has-background wp-element-button\" href=\"https:\/\/brandguide.io\/no\/brandguide-io-for-byraer\/kontakt-byra\/\">Ta kontakt n\u00e5<\/a><\/div>\n<\/div>\n","protected":false},"excerpt":{"rendered":"<p>brandguide.ioHjemmet tilalle merkevarer Denne digitale plattformen forenkler merkevarebygging og leveranse av designretningslinjer og ressurser til kunder og samarbeidspartnere, slik at du kan fokusere p\u00e5 det du elsker &#8211; \u00e5 gi liv til dine kreative visjoner. Dette er det du f\u00e5r Forh\u00e5ndsdefinerte blokker Rask og enkel oppsett med forh\u00e5ndsdefinerte blokker, med alle n\u00f8dvendige verkt\u00f8y og elementer&#8230;<\/p>\n","protected":false},"author":2,"featured_media":0,"parent":3472,"menu_order":0,"comment_status":"closed","ping_status":"closed","template":"","meta":{"_kad_blocks_custom_css":"","_kad_blocks_head_custom_js":"","_kad_blocks_body_custom_js":"","_kad_blocks_footer_custom_js":"","_kad_post_transparent":"","_kad_post_title":"","_kad_post_layout":"","_kad_post_sidebar_id":"","_kad_post_content_style":"","_kad_post_vertical_padding":"","_kad_post_feature":"","_kad_post_feature_position":"","_kad_post_header":false,"_kad_post_footer":false,"_kad_post_classname":"","footnotes":""},"class_list":["post-3538","page","type-page","status-publish","hentry"],"taxonomy_info":[],"featured_image_src_large":false,"author_info":{"display_name":"lene","author_link":"https:\/\/brandguide.io\/no\/author\/lene\/"},"comment_info":0,"_links":{"self":[{"href":"https:\/\/brandguide.io\/no\/wp-json\/wp\/v2\/pages\/3538","targetHints":{"allow":["GET"]}}],"collection":[{"href":"https:\/\/brandguide.io\/no\/wp-json\/wp\/v2\/pages"}],"about":[{"href":"https:\/\/brandguide.io\/no\/wp-json\/wp\/v2\/types\/page"}],"author":[{"embeddable":true,"href":"https:\/\/brandguide.io\/no\/wp-json\/wp\/v2\/users\/2"}],"replies":[{"embeddable":true,"href":"https:\/\/brandguide.io\/no\/wp-json\/wp\/v2\/comments?post=3538"}],"version-history":[{"count":0,"href":"https:\/\/brandguide.io\/no\/wp-json\/wp\/v2\/pages\/3538\/revisions"}],"up":[{"embeddable":true,"href":"https:\/\/brandguide.io\/no\/wp-json\/wp\/v2\/pages\/3472"}],"wp:attachment":[{"href":"https:\/\/brandguide.io\/no\/wp-json\/wp\/v2\/media?parent=3538"}],"curies":[{"name":"wp","href":"https:\/\/api.w.org\/{rel}","templated":true}]}}