{"id":3613,"date":"2025-04-23T12:38:46","date_gmt":"2025-04-23T10:38:46","guid":{"rendered":"https:\/\/brandguide.io\/bedrift\/bestill-en-demo-2\/"},"modified":"2025-05-06T12:30:40","modified_gmt":"2025-05-06T10:30:40","slug":"kontakt-byra","status":"publish","type":"page","link":"https:\/\/brandguide.io\/no\/brandguide-io-for-byraer\/kontakt-byra\/","title":{"rendered":"Bestill en demo byr\u00e5"},"content":{"rendered":"\n<section class=\"wp-block-group page-hero-block mb-8 lg:mb-12\"><div class=\"wp-block-group__inner-container is-layout-flow wp-block-group-is-layout-flow\">\n<h1 class=\"wp-block-heading has-text-align-center text-center\">Kontakt oss i dag<\/h1>\n\n\n\n<p class=\"has-text-align-center intro text-center mx-auto\"><br>Vi vet hvor komplekst merkevarearbeid kan v\u00e6re \u2013<br>spesielt n\u00e5r du jobber med flere identiteter p\u00e5 \u00e9n gang.<br><br>Med de rette verkt\u00f8yene blir det mye enklere \u00e5 skape struktur,<br>sikre konsistens og levere sterke merkevare opplevelser p\u00e5 tvers av kunder.<br><br>Ta kontakt med oss for en uforpliktende prat, en demo \u2013<br>eller bare for \u00e5 utforske hvordan vi kan gj\u00f8re hverdagen din litt enklere.<br><br><\/p>\n<\/div><\/section>\n\n\n<style>.kb-row-layout-id3613_6e27ef-d2 > .kt-row-column-wrap{align-content:start;}:where(.kb-row-layout-id3613_6e27ef-d2 > .kt-row-column-wrap) > .wp-block-kadence-column{justify-content:start;}.kb-row-layout-id3613_6e27ef-d2 > .kt-row-column-wrap{column-gap:var(--global-kb-gap-md, 2rem);row-gap:var(--global-kb-gap-md, 2rem);padding-top:var(--global-kb-spacing-sm, 1.5rem);padding-bottom:var(--global-kb-spacing-sm, 1.5rem);grid-template-columns:minmax(0, 1fr);}.kb-row-layout-id3613_6e27ef-d2 > .kt-row-layout-overlay{opacity:0.30;}@media all and (max-width: 1024px){.kb-row-layout-id3613_6e27ef-d2 > .kt-row-column-wrap{grid-template-columns:minmax(0, 1fr);}}@media all and (max-width: 767px){.kb-row-layout-id3613_6e27ef-d2 > .kt-row-column-wrap{grid-template-columns:minmax(0, 1fr);}}<\/style><div class=\"kb-row-layout-wrap kb-row-layout-id3613_6e27ef-d2 alignnone wp-block-kadence-rowlayout\"><div class=\"kt-row-column-wrap kt-has-1-columns kt-row-layout-equal kt-tab-layout-inherit kt-mobile-layout-row kt-row-valign-top\">\n<style>.kadence-column3613_3832fd-27 > .kt-inside-inner-col,.kadence-column3613_3832fd-27 > .kt-inside-inner-col:before{border-top-left-radius:0px;border-top-right-radius:0px;border-bottom-right-radius:0px;border-bottom-left-radius:0px;}.kadence-column3613_3832fd-27 > .kt-inside-inner-col{column-gap:var(--global-kb-gap-sm, 1rem);}.kadence-column3613_3832fd-27 > .kt-inside-inner-col{flex-direction:column;}.kadence-column3613_3832fd-27 > .kt-inside-inner-col > .aligncenter{width:100%;}.kadence-column3613_3832fd-27 > .kt-inside-inner-col:before{opacity:0.3;}.kadence-column3613_3832fd-27{position:relative;}@media all and (max-width: 1024px){.kadence-column3613_3832fd-27 > .kt-inside-inner-col{flex-direction:column;justify-content:center;}}@media all and (max-width: 767px){.kadence-column3613_3832fd-27 > .kt-inside-inner-col{flex-direction:column;justify-content:center;}}<\/style>\n<div class=\"wp-block-kadence-column kadence-column3613_3832fd-27\"><div class=\"kt-inside-inner-col\"><style>.kb-row-layout-id3613_edfb6e-ea > .kt-row-column-wrap{align-content:start;}:where(.kb-row-layout-id3613_edfb6e-ea > .kt-row-column-wrap) > .wp-block-kadence-column{justify-content:start;}.kb-row-layout-id3613_edfb6e-ea > .kt-row-column-wrap{column-gap:var(--global-kb-gap-md, 2rem);row-gap:var(--global-kb-gap-md, 2rem);padding-top:var(--global-kb-spacing-sm, 1.5rem);padding-bottom:var(--global-kb-spacing-sm, 1.5rem);grid-template-columns:repeat(2, minmax(0, 1fr));}.kb-row-layout-id3613_edfb6e-ea > .kt-row-layout-overlay{opacity:0.30;}@media all and (max-width: 1024px){.kb-row-layout-id3613_edfb6e-ea > .kt-row-column-wrap{grid-template-columns:repeat(2, minmax(0, 1fr));}}@media all and (max-width: 767px){.kb-row-layout-id3613_edfb6e-ea > .kt-row-column-wrap{grid-template-columns:minmax(0, 1fr);}}<\/style><div class=\"kb-row-layout-wrap kb-row-layout-id3613_edfb6e-ea alignnone wp-block-kadence-rowlayout\"><div class=\"kt-row-column-wrap kt-has-2-columns kt-row-layout-equal kt-tab-layout-inherit kt-mobile-layout-row kt-row-valign-top\">\n<style>.kadence-column3613_0d759a-39 > .kt-inside-inner-col,.kadence-column3613_0d759a-39 > .kt-inside-inner-col:before{border-top-left-radius:0px;border-top-right-radius:0px;border-bottom-right-radius:0px;border-bottom-left-radius:0px;}.kadence-column3613_0d759a-39 > .kt-inside-inner-col{column-gap:var(--global-kb-gap-sm, 1rem);}.kadence-column3613_0d759a-39 > .kt-inside-inner-col{flex-direction:column;}.kadence-column3613_0d759a-39 > .kt-inside-inner-col > .aligncenter{width:100%;}.kadence-column3613_0d759a-39 > .kt-inside-inner-col:before{opacity:0.3;}.kadence-column3613_0d759a-39{position:relative;}@media all and (max-width: 1024px){.kadence-column3613_0d759a-39 > .kt-inside-inner-col{flex-direction:column;justify-content:center;}}@media all and (max-width: 767px){.kadence-column3613_0d759a-39 > .kt-inside-inner-col{flex-direction:column;justify-content:center;}}<\/style>\n<div class=\"wp-block-kadence-column kadence-column3613_0d759a-39\"><div class=\"kt-inside-inner-col\">\n<h2 class=\"wp-block-heading has-text-align-center\">Jo Steffen Knudsen<\/h2>\n\n\n<div class=\"wp-block-image\">\n<figure class=\"aligncenter size-full is-resized\"><img loading=\"lazy\" decoding=\"async\" width=\"150\" height=\"150\" src=\"https:\/\/brandguide.io\/wp-content\/uploads\/2023\/09\/jo-steffen-1-150x150-1.jpeg\" alt=\"\" class=\"wp-image-3228\" style=\"width:200px\"\/><\/figure>\n<\/div>\n\n\n<p class=\"has-text-align-center\">josteffen@brandguide.io<br>+47 952 65 073<\/p>\n<\/div><\/div>\n\n\n<style>.kadence-column3613_f4ad1f-15 > .kt-inside-inner-col,.kadence-column3613_f4ad1f-15 > .kt-inside-inner-col:before{border-top-left-radius:0px;border-top-right-radius:0px;border-bottom-right-radius:0px;border-bottom-left-radius:0px;}.kadence-column3613_f4ad1f-15 > .kt-inside-inner-col{column-gap:var(--global-kb-gap-sm, 1rem);}.kadence-column3613_f4ad1f-15 > .kt-inside-inner-col{flex-direction:column;}.kadence-column3613_f4ad1f-15 > .kt-inside-inner-col > .aligncenter{width:100%;}.kadence-column3613_f4ad1f-15 > .kt-inside-inner-col:before{opacity:0.3;}.kadence-column3613_f4ad1f-15{position:relative;}@media all and (max-width: 1024px){.kadence-column3613_f4ad1f-15 > .kt-inside-inner-col{flex-direction:column;justify-content:center;}}@media all and (max-width: 767px){.kadence-column3613_f4ad1f-15 > .kt-inside-inner-col{flex-direction:column;justify-content:center;}}<\/style>\n<div class=\"wp-block-kadence-column kadence-column3613_f4ad1f-15\"><div class=\"kt-inside-inner-col\">\n<h2 class=\"wp-block-heading has-text-align-center\">Thomas Moy<\/h2>\n\n\n<div class=\"wp-block-image\">\n<figure class=\"aligncenter size-full is-resized\"><img loading=\"lazy\" decoding=\"async\" width=\"512\" height=\"512\" src=\"https:\/\/brandguide.io\/wp-content\/uploads\/2025\/04\/T088KP18F-U08JP49KJQG-778891cf5b3f-512-1.jpeg\" alt=\"\" class=\"wp-image-3609\" style=\"width:200px\" srcset=\"https:\/\/brandguide.io\/wp-content\/uploads\/2025\/04\/T088KP18F-U08JP49KJQG-778891cf5b3f-512-1.jpeg 512w, https:\/\/brandguide.io\/wp-content\/uploads\/2025\/04\/T088KP18F-U08JP49KJQG-778891cf5b3f-512-1-300x300.jpeg 300w, https:\/\/brandguide.io\/wp-content\/uploads\/2025\/04\/T088KP18F-U08JP49KJQG-778891cf5b3f-512-1-150x150.jpeg 150w\" sizes=\"auto, (max-width: 512px) 100vw, 512px\" \/><\/figure>\n<\/div>\n\n\n<p class=\"has-text-align-center\">thomas@brandguide.io<br>+47 930 02 223<\/p>\n<\/div><\/div>\n\n<\/div><\/div><\/div><\/div>\n\n<\/div><\/div>\n\n\n<section class=\"wp-block-group page-hero-block mb-8 lg:mb-12\"><div class=\"wp-block-group__inner-container is-layout-flow wp-block-group-is-layout-flow\">\n<h1 class=\"wp-block-heading has-text-align-center text-center\">Interessert i en demo?<\/h1>\n\n\n\n<p class=\"has-text-align-center intro text-center mx-auto\">La oss vise deg hvordan brandguide.io kan gj\u00f8re merkevare arbeidet enklere \u2013<br>og mer effektivt.<br><br>Book en demo i dag, s\u00e5 tar vi kontakt fortl\u00f8pende.<\/p>\n<\/div><\/section>\n\n\n\n<div class=\"forminator-guttenberg\"><div class=\"forminator-ui forminator-custom-form forminator-custom-form-2126 forminator-design--flat forminator-custom forminator_ajax\" data-forminator-render=\"0\" data-form=\"forminator-module-2126\" data-uid=\"69deec3781272\"><br\/><\/div><form\r\n\t\t\t\tid=\"forminator-module-2126\"\r\n\t\t\t\tclass=\"forminator-ui forminator-custom-form forminator-custom-form-2126 forminator-design--flat forminator-custom forminator_ajax\"\r\n\t\t\t\tmethod=\"post\"\r\n\t\t\t\tdata-forminator-render=\"0\"\r\n\t\t\t\tdata-form-id=\"2126\"\r\n\t\t\t\t data-color-option=\"default\" data-design=\"flat\" data-grid=\"custom\" style=\"display: none;\"\r\n\t\t\t\tdata-uid=\"69deec3781272\"\r\n\t\t\t><div role=\"alert\" aria-live=\"polite\" class=\"forminator-response-message forminator-error\" aria-hidden=\"true\"><\/div><div class=\"forminator-row\"><div id=\"name-1\" class=\"forminator-field-name forminator-col forminator-col-6 \"><div class=\"forminator-row forminator-no-margin\" data-multiple=\"true\"><div class=\"forminator-col forminator-col-md-6\"><div class=\"forminator-field\"><label for=\"forminator-field-first-name-1_69deec3781272\" id=\"forminator-field-first-name-1_69deec3781272-label\" class=\"forminator-label\">First Name <span class=\"forminator-required\">*<\/span><\/label><input type=\"text\" name=\"name-1-first-name\" placeholder=\"E.g. John\" id=\"forminator-field-first-name-1_69deec3781272\" class=\"forminator-input\" aria-required=\"true\" data-multi=\"1\" autocomplete=\"given-name\" value=\"\" \/><\/div><\/div><div class=\"forminator-col forminator-col-md-6\"><div class=\"forminator-field\"><label for=\"forminator-field-last-name-1_69deec3781272\" id=\"forminator-field-last-name-1_69deec3781272-label\" class=\"forminator-label\">Last Name<\/label><input type=\"text\" name=\"name-1-last-name\" placeholder=\"E.g. Doe\" id=\"forminator-field-last-name-1_69deec3781272\" class=\"forminator-input\" aria-required=\"false\" data-multi=\"1\" autocomplete=\"family-name\" value=\"\" \/><\/div><\/div><\/div><\/div><div id=\"email-1\" class=\"forminator-field-email forminator-col forminator-col-6 \"><div class=\"forminator-field\"><label for=\"forminator-field-email-1_69deec3781272\" id=\"forminator-field-email-1_69deec3781272-label\" class=\"forminator-label\">Email Address <span class=\"forminator-required\">*<\/span><\/label><input type=\"email\" name=\"email-1\" value=\"\" placeholder=\"E.g. john@doe.com\" id=\"forminator-field-email-1_69deec3781272\" class=\"forminator-input forminator-email--field\" data-required=\"true\" aria-required=\"true\" autocomplete=\"email\" \/><\/div><\/div><\/div><div class=\"forminator-row\"><div id=\"text-1\" class=\"forminator-field-text forminator-col forminator-col-6 \"><div class=\"forminator-field\"><label for=\"forminator-field-text-1_69deec3781272\" id=\"forminator-field-text-1_69deec3781272-label\" class=\"forminator-label\">Agency\/Company Name<\/label><input type=\"text\" name=\"text-1\" value=\"\" placeholder=\"\" id=\"forminator-field-text-1_69deec3781272\" class=\"forminator-input forminator-name--field\" data-required=\"\" \/><\/div><\/div><div id=\"phone-1\" class=\"forminator-field-phone forminator-col forminator-col-6 \"><div class=\"forminator-field\"><label for=\"forminator-field-phone-1_69deec3781272\" id=\"forminator-field-phone-1_69deec3781272-label\" class=\"forminator-label\">Phone Number<\/label><input type=\"text\" name=\"phone-1\" value=\"\" placeholder=\"E.g. +1 3004005000\" id=\"forminator-field-phone-1_69deec3781272\" class=\"forminator-input forminator-field--phone\" data-required=\"\" aria-required=\"false\" autocomplete=\"off\" aria-describedby=\"forminator-field-phone-1_69deec3781272-description\" \/><span id=\"forminator-field-phone-1_69deec3781272-description\" class=\"forminator-description\" id=\"forminator-field-phone-1_69deec3781272-description\">Enter a phone number if you&#8217;d like us to call you<\/span><\/div><\/div><\/div><div class=\"forminator-row\"><div id=\"textarea-1\" class=\"forminator-field-textarea forminator-col forminator-col-12 \"><div class=\"forminator-field\"><label for=\"forminator-field-textarea-1_69deec3781272\" id=\"forminator-field-textarea-1_69deec3781272-label\" class=\"forminator-label\">Comment<\/label><textarea name=\"textarea-1\" placeholder=\"Let us know if you have any comments or questions\" id=\"forminator-field-textarea-1_69deec3781272\" class=\"forminator-textarea\" rows=\"6\" style=\"--forminator-textarea-min-height:140px;\" maxlength=\"180\" ><\/textarea><span id=\"forminator-field-textarea-1_69deec3781272-description\" class=\"forminator-description\"><span data-limit=\"180\" data-type=\"characters\" data-editor=\"\">0 \/ 180<\/span><\/span><\/div><\/div><\/div><input type=\"hidden\" name=\"referer_url\" value=\"\" \/><div class=\"forminator-row forminator-row-last\"><div class=\"forminator-col\"><div class=\"forminator-field\"><button class=\"forminator-button forminator-button-submit btn --primary rounded\">Submit<\/button><\/div><\/div><\/div><input type=\"hidden\" id=\"forminator_nonce\" name=\"forminator_nonce\" value=\"94a6b926ea\" \/><input type=\"hidden\" name=\"_wp_http_referer\" value=\"\/no\/wp-json\/wp\/v2\/pages\/3613\" \/><input type=\"hidden\" name=\"form_id\" value=\"2126\"><input type=\"hidden\" name=\"page_id\" value=\"3613\"><input type=\"hidden\" name=\"form_type\" value=\"default\"><input type=\"hidden\" name=\"current_url\" value=\"https:\/\/brandguide.io\/no\/brandguide-io-for-byraer\/kontakt-byra\/\"><input type=\"hidden\" name=\"render_id\" value=\"0\"><input type=\"hidden\" name=\"action\" value=\"forminator_submit_form_custom-forms\"><label for=\"input_6\" class=\"forminator-hidden\" aria-hidden=\"true\">Please do not fill in this field. <input id=\"input_6\" type=\"text\" name=\"input_6\" value=\"\" autocomplete=\"off\"><\/label><\/form><\/div>\n","protected":false},"excerpt":{"rendered":"<p>Kontakt oss i dag Vi vet hvor komplekst merkevarearbeid kan v\u00e6re \u2013spesielt n\u00e5r du jobber med flere identiteter p\u00e5 \u00e9n gang. Med de rette verkt\u00f8yene blir det mye enklere \u00e5 skape struktur,sikre konsistens og levere sterke merkevare opplevelser p\u00e5 tvers av kunder. Ta kontakt med oss for en uforpliktende prat, en demo \u2013eller bare for&#8230;<\/p>\n","protected":false},"author":1,"featured_media":0,"parent":3472,"menu_order":2,"comment_status":"closed","ping_status":"closed","template":"","meta":{"_kad_blocks_custom_css":"","_kad_blocks_head_custom_js":"","_kad_blocks_body_custom_js":"","_kad_blocks_footer_custom_js":"","_kad_post_transparent":"","_kad_post_title":"","_kad_post_layout":"","_kad_post_sidebar_id":"","_kad_post_content_style":"","_kad_post_vertical_padding":"","_kad_post_feature":"","_kad_post_feature_position":"","_kad_post_header":false,"_kad_post_footer":false,"_kad_post_classname":"","footnotes":""},"class_list":["post-3613","page","type-page","status-publish","hentry"],"taxonomy_info":[],"featured_image_src_large":false,"author_info":{"display_name":"bgioadmin","author_link":"https:\/\/brandguide.io\/no\/author\/bgioadmin\/"},"comment_info":0,"_links":{"self":[{"href":"https:\/\/brandguide.io\/no\/wp-json\/wp\/v2\/pages\/3613","targetHints":{"allow":["GET"]}}],"collection":[{"href":"https:\/\/brandguide.io\/no\/wp-json\/wp\/v2\/pages"}],"about":[{"href":"https:\/\/brandguide.io\/no\/wp-json\/wp\/v2\/types\/page"}],"author":[{"embeddable":true,"href":"https:\/\/brandguide.io\/no\/wp-json\/wp\/v2\/users\/1"}],"replies":[{"embeddable":true,"href":"https:\/\/brandguide.io\/no\/wp-json\/wp\/v2\/comments?post=3613"}],"version-history":[{"count":0,"href":"https:\/\/brandguide.io\/no\/wp-json\/wp\/v2\/pages\/3613\/revisions"}],"up":[{"embeddable":true,"href":"https:\/\/brandguide.io\/no\/wp-json\/wp\/v2\/pages\/3472"}],"wp:attachment":[{"href":"https:\/\/brandguide.io\/no\/wp-json\/wp\/v2\/media?parent=3613"}],"curies":[{"name":"wp","href":"https:\/\/api.w.org\/{rel}","templated":true}]}}