{"id":3945,"date":"2023-09-08T13:26:56","date_gmt":"2023-09-08T11:26:56","guid":{"rendered":"https:\/\/brandguide.io\/?page_id=3945"},"modified":"2025-05-20T13:53:40","modified_gmt":"2025-05-20T11:53:40","slug":"bedrift-priser","status":"publish","type":"page","link":"https:\/\/brandguide.io\/no\/bedrift\/bedrift-priser\/","title":{"rendered":"Priser bedrift"},"content":{"rendered":"\n<section class=\"wp-block-group page-hero-block mb-8 lg:mb-12\"><div class=\"wp-block-group__inner-container is-layout-flow wp-block-group-is-layout-flow\">\n<h1 class=\"wp-block-heading has-text-align-center text-center\">Priser<\/h1>\n\n\n\n<p class=\"has-text-align-center intro text-center mx-auto\">Vi tilbyr fleksible planer for b\u00e5de sm\u00e5 og store virksomheter \u2013 finn den som passer best for deg.<\/p>\n<\/div><\/section>\n\n\n<style>.kb-row-layout-id3945_eaddfb-60 > .kt-row-column-wrap{align-content:start;}:where(.kb-row-layout-id3945_eaddfb-60 > .kt-row-column-wrap) > .wp-block-kadence-column{justify-content:start;}.kb-row-layout-id3945_eaddfb-60 > .kt-row-column-wrap{column-gap:var(--global-kb-gap-md, 2rem);row-gap:var(--global-kb-gap-md, 2rem);padding-top:var(--global-kb-spacing-sm, 1.5rem);padding-bottom:var(--global-kb-spacing-sm, 1.5rem);}.kb-row-layout-id3945_eaddfb-60 > .kt-row-column-wrap > div:not(.added-for-specificity){grid-column:initial;}.kb-row-layout-id3945_eaddfb-60 > .kt-row-column-wrap{grid-template-columns:repeat(3, minmax(0, 1fr));}.kb-row-layout-id3945_eaddfb-60 > .kt-row-layout-overlay{opacity:0.30;}@media all and (max-width: 1024px){.kb-row-layout-id3945_eaddfb-60 > .kt-row-column-wrap > div:not(.added-for-specificity){grid-column:initial;}}@media all and (max-width: 1024px){.kb-row-layout-id3945_eaddfb-60 > .kt-row-column-wrap{grid-template-columns:repeat(3, minmax(0, 1fr));}}@media all and (max-width: 767px){.kb-row-layout-id3945_eaddfb-60 > .kt-row-column-wrap > div:not(.added-for-specificity){grid-column:initial;}.kb-row-layout-id3945_eaddfb-60 > .kt-row-column-wrap{grid-template-columns:minmax(0, 1fr);}}<\/style><div class=\"kb-row-layout-wrap kb-row-layout-id3945_eaddfb-60 alignnone wp-block-kadence-rowlayout\"><div class=\"kt-row-column-wrap kt-has-3-columns kt-row-layout-equal kt-tab-layout-inherit kt-mobile-layout-row kt-row-valign-top\">\n<style>.kadence-column3945_bab0e4-3c > .kt-inside-inner-col{padding-top:var(--global-kb-spacing-xs, 1rem);padding-right:var(--global-kb-spacing-xs, 1rem);padding-bottom:var(--global-kb-spacing-xs, 1rem);padding-left:var(--global-kb-spacing-xs, 1rem);}.kadence-column3945_bab0e4-3c > .kt-inside-inner-col{border-top:1px solid var(--global-palette2, #2B6CB0);border-right:1px solid var(--global-palette2, #2B6CB0);border-bottom:1px solid var(--global-palette2, #2B6CB0);border-left:1px solid var(--global-palette2, #2B6CB0);}.kadence-column3945_bab0e4-3c > .kt-inside-inner-col,.kadence-column3945_bab0e4-3c > .kt-inside-inner-col:before{border-top-left-radius:20px;border-top-right-radius:20px;border-bottom-right-radius:20px;border-bottom-left-radius:20px;}.kadence-column3945_bab0e4-3c > .kt-inside-inner-col{column-gap:var(--global-kb-gap-sm, 1rem);}.kadence-column3945_bab0e4-3c > .kt-inside-inner-col{flex-direction:column;}.kadence-column3945_bab0e4-3c > .kt-inside-inner-col > .aligncenter{width:100%;}.kadence-column3945_bab0e4-3c > .kt-inside-inner-col:before{opacity:0.3;}.kadence-column3945_bab0e4-3c{position:relative;}@media all and (max-width: 1024px){.kadence-column3945_bab0e4-3c > .kt-inside-inner-col{border-top:1px solid var(--global-palette2, #2B6CB0);border-right:1px solid var(--global-palette2, #2B6CB0);border-bottom:1px solid var(--global-palette2, #2B6CB0);border-left:1px solid var(--global-palette2, #2B6CB0);flex-direction:column;justify-content:center;}}@media all and (max-width: 767px){.kadence-column3945_bab0e4-3c > .kt-inside-inner-col{border-top:1px solid var(--global-palette2, #2B6CB0);border-right:1px solid var(--global-palette2, #2B6CB0);border-bottom:1px solid var(--global-palette2, #2B6CB0);border-left:1px solid var(--global-palette2, #2B6CB0);flex-direction:column;justify-content:center;}}<\/style>\n<div class=\"wp-block-kadence-column kadence-column3945_bab0e4-3c\"><div class=\"kt-inside-inner-col\">\n<h2 class=\"wp-block-heading\">Small business plan<\/h2>\n\n\n\n<ul class=\"wp-block-list\">\n<li>1 brand<\/li>\n\n\n\n<li>2GB<\/li>\n\n\n\n<li>Ubegrenset antall brukere<br><br><br><br><\/li>\n<\/ul>\n\n\n\n<p><strong>5090,- \/ per \u00e5r<\/strong><\/p>\n\n\n<style>.wp-block-kadence-advancedbtn.kb-btns3945_5e4c1c-10{gap:var(--global-kb-gap-xs, 0.5rem );justify-content:flex-start;align-items:center;}.kt-btns3945_5e4c1c-10 .kt-button{font-weight:normal;font-style:normal;}.kt-btns3945_5e4c1c-10 .kt-btn-wrap-0{margin-right:5px;}.wp-block-kadence-advancedbtn.kt-btns3945_5e4c1c-10 .kt-btn-wrap-0 .kt-button{color:#555555;border-color:#555555;}.wp-block-kadence-advancedbtn.kt-btns3945_5e4c1c-10 .kt-btn-wrap-0 .kt-button:hover, .wp-block-kadence-advancedbtn.kt-btns3945_5e4c1c-10 .kt-btn-wrap-0 .kt-button:focus{color:#ffffff;border-color:#444444;}.wp-block-kadence-advancedbtn.kt-btns3945_5e4c1c-10 .kt-btn-wrap-0 .kt-button::before{display:none;}.wp-block-kadence-advancedbtn.kt-btns3945_5e4c1c-10 .kt-btn-wrap-0 .kt-button:hover, .wp-block-kadence-advancedbtn.kt-btns3945_5e4c1c-10 .kt-btn-wrap-0 .kt-button:focus{background:#444444;}<\/style>\n<div class=\"wp-block-kadence-advancedbtn kb-buttons-wrap kb-btns3945_5e4c1c-10\"><style>ul.menu .wp-block-kadence-advancedbtn .kb-btn3945_f634d7-55.kb-button{width:initial;}<\/style><a class=\"kb-button kt-button button kb-btn3945_f634d7-55 kt-btn-size-standard kt-btn-width-type-auto kb-btn-global-fill  kt-btn-has-text-true kt-btn-has-svg-false  wp-block-kadence-singlebtn\" href=\"https:\/\/account.brandguide.io\/register\"><span class=\"kt-btn-inner-text\">Pr\u00f8v gratis<\/span><\/a><\/div>\n<\/div><\/div>\n\n\n<style>.kadence-column3945_4e38ed-06 > .kt-inside-inner-col{padding-top:var(--global-kb-spacing-xs, 1rem);padding-right:var(--global-kb-spacing-xs, 1rem);padding-bottom:var(--global-kb-spacing-xs, 1rem);padding-left:var(--global-kb-spacing-xs, 1rem);}.kadence-column3945_4e38ed-06 > .kt-inside-inner-col{border-top:1px solid var(--global-palette2, #2B6CB0);border-right:1px solid var(--global-palette2, #2B6CB0);border-bottom:1px solid var(--global-palette2, #2B6CB0);border-left:1px solid var(--global-palette2, #2B6CB0);}.kadence-column3945_4e38ed-06 > .kt-inside-inner-col,.kadence-column3945_4e38ed-06 > .kt-inside-inner-col:before{border-top-left-radius:20px;border-top-right-radius:20px;border-bottom-right-radius:20px;border-bottom-left-radius:20px;}.kadence-column3945_4e38ed-06 > .kt-inside-inner-col{column-gap:var(--global-kb-gap-sm, 1rem);}.kadence-column3945_4e38ed-06 > .kt-inside-inner-col{flex-direction:column;}.kadence-column3945_4e38ed-06 > .kt-inside-inner-col > .aligncenter{width:100%;}.kadence-column3945_4e38ed-06 > .kt-inside-inner-col:before{opacity:0.3;}.kadence-column3945_4e38ed-06{position:relative;}@media all and (max-width: 1024px){.kadence-column3945_4e38ed-06 > .kt-inside-inner-col{border-top:1px solid var(--global-palette2, #2B6CB0);border-right:1px solid var(--global-palette2, #2B6CB0);border-bottom:1px solid var(--global-palette2, #2B6CB0);border-left:1px solid var(--global-palette2, #2B6CB0);flex-direction:column;justify-content:center;}}@media all and (max-width: 767px){.kadence-column3945_4e38ed-06 > .kt-inside-inner-col{border-top:1px solid var(--global-palette2, #2B6CB0);border-right:1px solid var(--global-palette2, #2B6CB0);border-bottom:1px solid var(--global-palette2, #2B6CB0);border-left:1px solid var(--global-palette2, #2B6CB0);flex-direction:column;justify-content:center;}}<\/style>\n<div class=\"wp-block-kadence-column kadence-column3945_4e38ed-06\"><div class=\"kt-inside-inner-col\">\n<h2 class=\"wp-block-heading\">Business plan<\/h2>\n\n\n\n<ul class=\"wp-block-list\">\n<li>3 brands<\/li>\n\n\n\n<li>10GB<\/li>\n\n\n\n<li>Ubegrenset antall brukere<\/li>\n\n\n\n<li>Eget domene<\/li>\n\n\n\n<li>Nedlasting av bilder i ulike st\u00f8rrelser<br><br><\/li>\n<\/ul>\n\n\n\n<p><strong>11 590,- \/ per \u00e5r<\/strong><\/p>\n\n\n<style>.wp-block-kadence-advancedbtn.kb-btns3945_e87928-eb{gap:var(--global-kb-gap-xs, 0.5rem );justify-content:flex-start;align-items:center;}.kt-btns3945_e87928-eb .kt-button{font-weight:normal;font-style:normal;}.kt-btns3945_e87928-eb .kt-btn-wrap-0{margin-right:5px;}.wp-block-kadence-advancedbtn.kt-btns3945_e87928-eb .kt-btn-wrap-0 .kt-button{color:#555555;border-color:#555555;}.wp-block-kadence-advancedbtn.kt-btns3945_e87928-eb .kt-btn-wrap-0 .kt-button:hover, .wp-block-kadence-advancedbtn.kt-btns3945_e87928-eb .kt-btn-wrap-0 .kt-button:focus{color:#ffffff;border-color:#444444;}.wp-block-kadence-advancedbtn.kt-btns3945_e87928-eb .kt-btn-wrap-0 .kt-button::before{display:none;}.wp-block-kadence-advancedbtn.kt-btns3945_e87928-eb .kt-btn-wrap-0 .kt-button:hover, .wp-block-kadence-advancedbtn.kt-btns3945_e87928-eb .kt-btn-wrap-0 .kt-button:focus{background:#444444;}<\/style>\n<div class=\"wp-block-kadence-advancedbtn kb-buttons-wrap kb-btns3945_e87928-eb\"><style>ul.menu .wp-block-kadence-advancedbtn .kb-btn3945_52beb4-13.kb-button{width:initial;}<\/style><a class=\"kb-button kt-button button kb-btn3945_52beb4-13 kt-btn-size-standard kt-btn-width-type-auto kb-btn-global-fill  kt-btn-has-text-true kt-btn-has-svg-false  wp-block-kadence-singlebtn\" href=\"https:\/\/account.brandguide.io\/register\"><span class=\"kt-btn-inner-text\">Pr\u00f8v gratis<\/span><\/a><\/div>\n<\/div><\/div>\n\n\n<style>.kadence-column3945_e6b1d3-a6 > .kt-inside-inner-col{padding-top:var(--global-kb-spacing-xs, 1rem);padding-right:var(--global-kb-spacing-xs, 1rem);padding-bottom:var(--global-kb-spacing-xs, 1rem);padding-left:var(--global-kb-spacing-xs, 1rem);}.kadence-column3945_e6b1d3-a6 > .kt-inside-inner-col{border-top:1px solid var(--global-palette2, #2B6CB0);border-right:1px solid var(--global-palette2, #2B6CB0);border-bottom:1px solid var(--global-palette2, #2B6CB0);border-left:1px solid var(--global-palette2, #2B6CB0);}.kadence-column3945_e6b1d3-a6 > .kt-inside-inner-col,.kadence-column3945_e6b1d3-a6 > .kt-inside-inner-col:before{border-top-left-radius:20px;border-top-right-radius:20px;border-bottom-right-radius:20px;border-bottom-left-radius:20px;}.kadence-column3945_e6b1d3-a6 > .kt-inside-inner-col{column-gap:var(--global-kb-gap-sm, 1rem);}.kadence-column3945_e6b1d3-a6 > .kt-inside-inner-col{flex-direction:column;}.kadence-column3945_e6b1d3-a6 > .kt-inside-inner-col > .aligncenter{width:100%;}.kadence-column3945_e6b1d3-a6 > .kt-inside-inner-col:before{opacity:0.3;}.kadence-column3945_e6b1d3-a6{position:relative;}@media all and (max-width: 1024px){.kadence-column3945_e6b1d3-a6 > .kt-inside-inner-col{border-top:1px solid var(--global-palette2, #2B6CB0);border-right:1px solid var(--global-palette2, #2B6CB0);border-bottom:1px solid var(--global-palette2, #2B6CB0);border-left:1px solid var(--global-palette2, #2B6CB0);flex-direction:column;justify-content:center;}}@media all and (max-width: 767px){.kadence-column3945_e6b1d3-a6 > .kt-inside-inner-col{border-top:1px solid var(--global-palette2, #2B6CB0);border-right:1px solid var(--global-palette2, #2B6CB0);border-bottom:1px solid var(--global-palette2, #2B6CB0);border-left:1px solid var(--global-palette2, #2B6CB0);flex-direction:column;justify-content:center;}}<\/style>\n<div class=\"wp-block-kadence-column kadence-column3945_e6b1d3-a6\"><div class=\"kt-inside-inner-col\">\n<h2 class=\"wp-block-heading\">Enterprise<\/h2>\n\n\n\n<ul class=\"wp-block-list\">\n<li>Flere brands<\/li>\n\n\n\n<li>Ubegrenset lagring<\/li>\n\n\n\n<li>Ubegrenset antall brukere<\/li>\n\n\n\n<li>Integrasjoner<\/li>\n\n\n\n<li>Eget domene<\/li>\n\n\n\n<li>Nedlasting av bilder i ulike st\u00f8rrelser<br><\/li>\n<\/ul>\n\n\n\n<p><strong>Kontakt oss for pris<\/strong><\/p>\n\n\n<style>.wp-block-kadence-advancedbtn.kb-btns3945_fcada9-15{gap:var(--global-kb-gap-xs, 0.5rem );justify-content:flex-start;align-items:center;}.kt-btns3945_fcada9-15 .kt-button{font-weight:normal;font-style:normal;}.kt-btns3945_fcada9-15 .kt-btn-wrap-0{margin-right:5px;}.wp-block-kadence-advancedbtn.kt-btns3945_fcada9-15 .kt-btn-wrap-0 .kt-button{color:#555555;border-color:#555555;}.wp-block-kadence-advancedbtn.kt-btns3945_fcada9-15 .kt-btn-wrap-0 .kt-button:hover, .wp-block-kadence-advancedbtn.kt-btns3945_fcada9-15 .kt-btn-wrap-0 .kt-button:focus{color:#ffffff;border-color:#444444;}.wp-block-kadence-advancedbtn.kt-btns3945_fcada9-15 .kt-btn-wrap-0 .kt-button::before{display:none;}.wp-block-kadence-advancedbtn.kt-btns3945_fcada9-15 .kt-btn-wrap-0 .kt-button:hover, .wp-block-kadence-advancedbtn.kt-btns3945_fcada9-15 .kt-btn-wrap-0 .kt-button:focus{background:#444444;}<\/style>\n<div class=\"wp-block-kadence-advancedbtn kb-buttons-wrap kb-btns3945_fcada9-15\"><style>ul.menu .wp-block-kadence-advancedbtn .kb-btn3945_bc94f4-50.kb-button{width:initial;}<\/style><a class=\"kb-button kt-button button kb-btn3945_bc94f4-50 kt-btn-size-standard kt-btn-width-type-auto kb-btn-global-fill  kt-btn-has-text-true kt-btn-has-svg-false  wp-block-kadence-singlebtn\" href=\"https:\/\/brandguide.io\/no\/bedrift\/kontakt-bedrift\/\"><span class=\"kt-btn-inner-text\">Kontakt<\/span><\/a><\/div>\n<\/div><\/div>\n\n<\/div><\/div>\n\n<style>.kb-row-layout-id3945_f6a0f9-dc > .kt-row-column-wrap{align-content:start;}:where(.kb-row-layout-id3945_f6a0f9-dc > .kt-row-column-wrap) > .wp-block-kadence-column{justify-content:start;}.kb-row-layout-id3945_f6a0f9-dc > .kt-row-column-wrap{column-gap:var(--global-kb-gap-md, 2rem);row-gap:var(--global-kb-gap-md, 2rem);padding-top:var(--global-kb-spacing-sm, 1.5rem);padding-bottom:var(--global-kb-spacing-sm, 1.5rem);grid-template-columns:minmax(0, 1fr);}.kb-row-layout-id3945_f6a0f9-dc > .kt-row-layout-overlay{opacity:0.30;}@media all and (max-width: 1024px){.kb-row-layout-id3945_f6a0f9-dc > .kt-row-column-wrap{grid-template-columns:minmax(0, 1fr);}}@media all and (max-width: 767px){.kb-row-layout-id3945_f6a0f9-dc > .kt-row-column-wrap{grid-template-columns:minmax(0, 1fr);}}<\/style><div class=\"kb-row-layout-wrap kb-row-layout-id3945_f6a0f9-dc alignnone wp-block-kadence-rowlayout\"><div class=\"kt-row-column-wrap kt-has-1-columns kt-row-layout-equal kt-tab-layout-inherit kt-mobile-layout-row kt-row-valign-top\">\n<style>.kadence-column3945_dca703-03 > .kt-inside-inner-col{padding-top:var(--global-kb-spacing-xs, 1rem);padding-right:var(--global-kb-spacing-3xl, 6.5rem);padding-bottom:var(--global-kb-spacing-xs, 1rem);padding-left:var(--global-kb-spacing-3xl, 6.5rem);}.kadence-column3945_dca703-03 > .kt-inside-inner-col{border-top:1px solid var(--global-palette2, #2B6CB0);border-right:1px solid var(--global-palette2, #2B6CB0);border-bottom:1px solid var(--global-palette2, #2B6CB0);border-left:1px solid var(--global-palette2, #2B6CB0);}.kadence-column3945_dca703-03 > .kt-inside-inner-col,.kadence-column3945_dca703-03 > .kt-inside-inner-col:before{border-top-left-radius:20px;border-top-right-radius:20px;border-bottom-right-radius:20px;border-bottom-left-radius:20px;}.kadence-column3945_dca703-03 > .kt-inside-inner-col{column-gap:var(--global-kb-gap-sm, 1rem);}.kadence-column3945_dca703-03 > .kt-inside-inner-col{flex-direction:column;}.kadence-column3945_dca703-03 > .kt-inside-inner-col > .aligncenter{width:100%;}.kadence-column3945_dca703-03 > .kt-inside-inner-col:before{opacity:0.3;}.kadence-column3945_dca703-03{position:relative;}.kadence-column3945_dca703-03, .kt-inside-inner-col > .kadence-column3945_dca703-03:not(.specificity){margin-top:0px;margin-right:var(--global-kb-spacing-5xl, 10rem);margin-left:var(--global-kb-spacing-5xl, 10rem);}@media all and (max-width: 1024px){.kadence-column3945_dca703-03 > .kt-inside-inner-col{border-top:1px solid var(--global-palette2, #2B6CB0);border-right:1px solid var(--global-palette2, #2B6CB0);border-bottom:1px solid var(--global-palette2, #2B6CB0);border-left:1px solid var(--global-palette2, #2B6CB0);flex-direction:column;justify-content:center;}}@media all and (max-width: 767px){.kadence-column3945_dca703-03 > .kt-inside-inner-col{border-top:1px solid var(--global-palette2, #2B6CB0);border-right:1px solid var(--global-palette2, #2B6CB0);border-bottom:1px solid var(--global-palette2, #2B6CB0);border-left:1px solid var(--global-palette2, #2B6CB0);flex-direction:column;justify-content:center;}}<\/style>\n<div class=\"wp-block-kadence-column kadence-column3945_dca703-03\"><div class=\"kt-inside-inner-col\">\n<h2 class=\"wp-block-heading has-text-align-center\">Ta kontakt for flere l\u00f8sninger<\/h2>\n\n\n\n<p class=\"has-text-align-center\" style=\"padding-top:0;padding-right:0;padding-bottom:0;padding-left:0\">Vi vet at \u00e9n l\u00f8sning ikke passer alle. Snakk med oss for en tilpasset plan.<\/p>\n\n\n<style>.wp-block-kadence-advancedbtn.kb-btns3945_d39a69-f5{gap:var(--global-kb-gap-xs, 0.5rem );justify-content:center;align-items:center;}.kt-btns3945_d39a69-f5 .kt-button{font-weight:normal;font-style:normal;}.kt-btns3945_d39a69-f5 .kt-btn-wrap-0{margin-right:5px;}.wp-block-kadence-advancedbtn.kt-btns3945_d39a69-f5 .kt-btn-wrap-0 .kt-button{color:#555555;border-color:#555555;}.wp-block-kadence-advancedbtn.kt-btns3945_d39a69-f5 .kt-btn-wrap-0 .kt-button:hover, .wp-block-kadence-advancedbtn.kt-btns3945_d39a69-f5 .kt-btn-wrap-0 .kt-button:focus{color:#ffffff;border-color:#444444;}.wp-block-kadence-advancedbtn.kt-btns3945_d39a69-f5 .kt-btn-wrap-0 .kt-button::before{display:none;}.wp-block-kadence-advancedbtn.kt-btns3945_d39a69-f5 .kt-btn-wrap-0 .kt-button:hover, .wp-block-kadence-advancedbtn.kt-btns3945_d39a69-f5 .kt-btn-wrap-0 .kt-button:focus{background:#444444;}<\/style>\n<div class=\"wp-block-kadence-advancedbtn kb-buttons-wrap kb-btns3945_d39a69-f5\"><style>ul.menu .wp-block-kadence-advancedbtn .kb-btn3945_f38e4a-31.kb-button{width:initial;}<\/style><a class=\"kb-button kt-button button kb-btn3945_f38e4a-31 kt-btn-size-standard kt-btn-width-type-auto kb-btn-global-fill  kt-btn-has-text-true kt-btn-has-svg-false  wp-block-kadence-singlebtn\" href=\"https:\/\/brandguide.io\/no\/bedrift\/kontakt-bedrift\/\"><span class=\"kt-btn-inner-text\">Kontakt<\/span><\/a><\/div>\n<\/div><\/div>\n\n<\/div><\/div>\n\n\n<div style=\"height:52px\" aria-hidden=\"true\" class=\"wp-block-spacer\"><\/div>\n\n\n\n<p class=\"has-text-align-center micro text-center micro-block\">V\u00e6r oppmerksom p\u00e5 at merverdiavgift (MVA) eller salgsavgift<br>kan bli lagt til abonnementet ditt, avhengig av hvilket land du befinner deg i.<br>Alle kortbetalinger h\u00e5ndteres av Paddle.com som v\u00e5r Merchant of Record.<\/p>\n","protected":false},"excerpt":{"rendered":"<p>Priser Vi tilbyr fleksible planer for b\u00e5de sm\u00e5 og store virksomheter \u2013 finn den som passer best for deg. Small business plan 5090,- \/ per \u00e5r Business plan 11 590,- \/ per \u00e5r Enterprise Kontakt oss for pris Ta kontakt for flere l\u00f8sninger Vi vet at \u00e9n l\u00f8sning ikke passer alle. Snakk med oss for&#8230;<\/p>\n","protected":false},"author":2,"featured_media":0,"parent":3473,"menu_order":1,"comment_status":"closed","ping_status":"closed","template":"","meta":{"_kad_blocks_custom_css":"","_kad_blocks_head_custom_js":"","_kad_blocks_body_custom_js":"","_kad_blocks_footer_custom_js":"","_kad_post_transparent":"","_kad_post_title":"","_kad_post_layout":"","_kad_post_sidebar_id":"","_kad_post_content_style":"","_kad_post_vertical_padding":"","_kad_post_feature":"","_kad_post_feature_position":"","_kad_post_header":false,"_kad_post_footer":false,"_kad_post_classname":"","footnotes":""},"class_list":["post-3945","page","type-page","status-publish","hentry"],"taxonomy_info":[],"featured_image_src_large":false,"author_info":{"display_name":"lene","author_link":"https:\/\/brandguide.io\/no\/author\/lene\/"},"comment_info":0,"_links":{"self":[{"href":"https:\/\/brandguide.io\/no\/wp-json\/wp\/v2\/pages\/3945","targetHints":{"allow":["GET"]}}],"collection":[{"href":"https:\/\/brandguide.io\/no\/wp-json\/wp\/v2\/pages"}],"about":[{"href":"https:\/\/brandguide.io\/no\/wp-json\/wp\/v2\/types\/page"}],"author":[{"embeddable":true,"href":"https:\/\/brandguide.io\/no\/wp-json\/wp\/v2\/users\/2"}],"replies":[{"embeddable":true,"href":"https:\/\/brandguide.io\/no\/wp-json\/wp\/v2\/comments?post=3945"}],"version-history":[{"count":0,"href":"https:\/\/brandguide.io\/no\/wp-json\/wp\/v2\/pages\/3945\/revisions"}],"up":[{"embeddable":true,"href":"https:\/\/brandguide.io\/no\/wp-json\/wp\/v2\/pages\/3473"}],"wp:attachment":[{"href":"https:\/\/brandguide.io\/no\/wp-json\/wp\/v2\/media?parent=3945"}],"curies":[{"name":"wp","href":"https:\/\/api.w.org\/{rel}","templated":true}]}}